{"id":4763,"date":"2026-02-11T15:45:31","date_gmt":"2026-02-11T15:45:31","guid":{"rendered":"https:\/\/cocodiys.com\/product\/amber-led-coat-sample\/"},"modified":"2026-02-12T04:45:45","modified_gmt":"2026-02-12T04:45:45","slug":"amber-led-coat-sample","status":"publish","type":"product","link":"https:\/\/cocodiys.com\/fr\/produit\/amber-led-coat-sample\/","title":{"rendered":"Manteau LED ambre (\u00e9chantillon)"},"content":{"rendered":"<p data-start=\"182\" data-end=\"456\">Si vous vouliez un manteau Chromatiicat sans le temps d'attente du custom, c'est votre moment - une cr\u00e9ation unique, pr\u00eate \u00e0 \u00eatre exp\u00e9di\u00e9e et pr\u00eate \u00e0 illuminer votre prochaine aventure.<\/p>\n<p data-start=\"182\" data-end=\"456\">Voici notre manteau LED Amber - une pi\u00e8ce unique pr\u00eate \u00e0 \u00eatre exp\u00e9di\u00e9e, fabriqu\u00e9e dans une taille petite f\u00e9minine. Ce manteau mi-long (36\u2033) est fabriqu\u00e9 en fausse fourrure ultra-douce \u00e0 pointe d'ambre et doubl\u00e9 d'un riche tissu m\u00e9tallique cuivr\u00e9 qui capte la lumi\u00e8re m\u00eame lorsque les LED sont \u00e9teintes.<\/p>\n<p data-start=\"458\" data-end=\"806\">Ce manteau d'\u00e9chantillon n'a \u00e9t\u00e9 port\u00e9 que deux fois pour des s\u00e9ances photos et est par ailleurs tout \u00e0 fait neuf. Il est dot\u00e9 de tous les d\u00e9tails fonctionnels qui font la r\u00e9putation de nos pi\u00e8ces sur mesure :<br data-start=\"631\" data-end=\"634\">\u2022 <strong data-start=\"636\" data-end=\"657\">Deux poches ext\u00e9rieures<\/strong><br data-start=\"657\" data-end=\"660\">\u2022 <strong data-start=\"662\" data-end=\"693\">Deux poches zipp\u00e9es sur la poitrine<\/strong><br data-start=\"693\" data-end=\"696\">\u2022 <strong data-start=\"698\" data-end=\"727\" data-is-only-node=\"\">Une pochette zipp\u00e9e pour la batterie<\/strong><br data-start=\"727\" data-end=\"730\">\u2022 <strong data-start=\"732\" data-end=\"760\">Sangles de sac \u00e0 dos int\u00e9gr\u00e9es<\/strong> pour un port mains libres lorsque la nuit se r\u00e9chauffe<\/p>\n<p data-start=\"808\" data-end=\"1088\"><strong data-start=\"808\" data-end=\"833\">Tout sur les lumi\u00e8res :<\/strong><br data-start=\"833\" data-end=\"836\">Contr\u00f4lez votre \u00e9clat \u00e0 l'aide d'une application pour smartphone - choisissez les couleurs, les motifs, la luminosit\u00e9, la vitesse et synchronisez m\u00eame les lumi\u00e8res avec la musique. Comme tous les v\u00eatements LED de Chromatiicat, ce manteau peut \u00e9galement \u00eatre associ\u00e9 \u00e0 d'autres pi\u00e8ces de Chromatiicat pour un look de groupe enti\u00e8rement synchronis\u00e9.<\/p>\n<p data-start=\"1090\" data-end=\"1235\">Ce manteau est \u00e9quip\u00e9 de LED \u00e9tanches (oui, il est lavable \u00e0 la main !) et est livr\u00e9 avec une batterie rechargeable pour vous permettre de briller longtemps dans la nuit.<\/p>","protected":false},"excerpt":{"rendered":"<p>Si vous vouliez un manteau Chromatiicat sans le temps d'attente du sur-mesure, c'est votre moment - une cr\u00e9ation unique, pr\u00eate \u00e0 \u00eatre exp\u00e9di\u00e9e et pr\u00eate \u00e0 illuminer votre prochaine aventure. Voici notre manteau LED Ambre - une pi\u00e8ce unique pr\u00eate \u00e0 \u00eatre exp\u00e9di\u00e9e, fabriqu\u00e9e dans une taille f\u00e9minine petite. Ce manteau mi-long (36\u2033) est fabriqu\u00e9 en tissu ultra-doux...<\/p>","protected":false},"featured_media":5155,"comment_status":"open","ping_status":"closed","template":"","meta":{"_kad_blocks_custom_css":"","_kad_blocks_head_custom_js":"","_kad_blocks_body_custom_js":"","_kad_blocks_footer_custom_js":"","_kad_post_transparent":"","_kad_post_title":"","_kad_post_layout":"","_kad_post_sidebar_id":"","_kad_post_content_style":"","_kad_post_vertical_padding":"","_kad_post_feature":"","_kad_post_feature_position":"","_kad_post_header":false,"_kad_post_footer":false,"_kad_post_classname":""},"product_brand":[],"product_cat":[15],"product_tag":[],"class_list":{"0":"post-4763","1":"product","2":"type-product","3":"status-publish","4":"has-post-thumbnail","6":"product_cat-uncategorized","8":"first","9":"instock","10":"sale","11":"shipping-taxable","12":"purchasable","13":"product-type-simple","14":"entry","15":"content-bg","16":"loop-entry"},"taxonomy_info":{"product_cat":[{"value":15,"label":"Uncategorized"}]},"featured_image_src_large":["https:\/\/cocodiys.com\/wp-content\/uploads\/2026\/02\/GridArt_20241106_221227868-1024x1024.jpg",1024,1024,true],"author_info":[],"comment_info":0,"_links":{"self":[{"href":"https:\/\/cocodiys.com\/fr\/wp-json\/wp\/v2\/product\/4763","targetHints":{"allow":["GET"]}}],"collection":[{"href":"https:\/\/cocodiys.com\/fr\/wp-json\/wp\/v2\/product"}],"about":[{"href":"https:\/\/cocodiys.com\/fr\/wp-json\/wp\/v2\/types\/product"}],"replies":[{"embeddable":true,"href":"https:\/\/cocodiys.com\/fr\/wp-json\/wp\/v2\/comments?post=4763"}],"wp:featuredmedia":[{"embeddable":true,"href":"https:\/\/cocodiys.com\/fr\/wp-json\/wp\/v2\/media\/5155"}],"wp:attachment":[{"href":"https:\/\/cocodiys.com\/fr\/wp-json\/wp\/v2\/media?parent=4763"}],"wp:term":[{"taxonomy":"product_brand","embeddable":true,"href":"https:\/\/cocodiys.com\/fr\/wp-json\/wp\/v2\/product_brand?post=4763"},{"taxonomy":"product_cat","embeddable":true,"href":"https:\/\/cocodiys.com\/fr\/wp-json\/wp\/v2\/product_cat?post=4763"},{"taxonomy":"product_tag","embeddable":true,"href":"https:\/\/cocodiys.com\/fr\/wp-json\/wp\/v2\/product_tag?post=4763"}],"curies":[{"name":"wp","href":"https:\/\/api.w.org\/{rel}","templated":true}]}}