{"id":4764,"date":"2026-02-11T15:45:31","date_gmt":"2026-02-11T15:45:31","guid":{"rendered":"https:\/\/cocodiys.com\/product\/cage-bralette\/"},"modified":"2026-02-12T04:45:44","modified_gmt":"2026-02-12T04:45:44","slug":"cage-bralette","status":"publish","type":"product","link":"https:\/\/cocodiys.com\/fr\/produit\/cage-bralette\/","title":{"rendered":"Bralette Cage"},"content":{"rendered":"<p><meta charset=\"utf-8\"><span><b id=\"docs-internal-guid-5d074a2d-7fff-9f62-4682-d71526dcdd6b\">Cette pi\u00e8ce fait partie de notre vente du vendredi noir - elle est pr\u00eate \u00e0 \u00eatre exp\u00e9di\u00e9e et arrivera avant No\u00ebl !<\/b><\/span><\/p>\n<p>Faites tourner les t\u00eates et affirmez votre personnalit\u00e9 avec notre bralette cage. Fabriqu\u00e9e \u00e0 la main dans un tissu \u00e9pais de qualit\u00e9 sup\u00e9rieure, cette bralette \u00e0 bretelles offre des d\u00e9coupes audacieuses sans compromettre le maintien. Le dos \u00e0 lacets permet un ajustement ultra-personnalis\u00e9 qui flatte et s'adapte \u00e0 toutes les morphologies.\u00a0<strong><\/strong><\/p>\n<p><strong>Taille :<\/strong><br \/>- XS-S : Convient \u00e0 une taille de cage thoracique de 26-30\u2033.<br \/>- M-L : Convient \u00e0 une taille de cage thoracique de 28-35\u2033.<br \/>- XL : Convient \u00e0 une cage thoracique de 35-40\u2033.<\/p>","protected":false},"excerpt":{"rendered":"<p>Cette pi\u00e8ce fait partie de notre vente du vendredi noir - elle est pr\u00eate \u00e0 \u00eatre exp\u00e9di\u00e9e et arrivera avant No\u00ebl ! Faites tourner les t\u00eates et affirmez votre personnalit\u00e9 avec notre bralette cage. Fabriqu\u00e9e \u00e0 la main dans un tissu \u00e9pais de qualit\u00e9 sup\u00e9rieure, cette bralette \u00e0 bretelles offre des d\u00e9coupes audacieuses sans compromettre le maintien. Le dos \u00e0 lacets permet un ajustement ultra-personnalis\u00e9...<\/p>","protected":false},"featured_media":5166,"comment_status":"open","ping_status":"closed","template":"","meta":{"_kad_blocks_custom_css":"","_kad_blocks_head_custom_js":"","_kad_blocks_body_custom_js":"","_kad_blocks_footer_custom_js":"","_kad_post_transparent":"","_kad_post_title":"","_kad_post_layout":"","_kad_post_sidebar_id":"","_kad_post_content_style":"","_kad_post_vertical_padding":"","_kad_post_feature":"","_kad_post_feature_position":"","_kad_post_header":false,"_kad_post_footer":false,"_kad_post_classname":""},"product_brand":[],"product_cat":[15],"product_tag":[],"class_list":{"0":"post-4764","1":"product","2":"type-product","3":"status-publish","4":"has-post-thumbnail","6":"product_cat-uncategorized","8":"first","9":"instock","10":"shipping-taxable","11":"purchasable","12":"product-type-variable","13":"entry","14":"content-bg","15":"loop-entry"},"taxonomy_info":{"product_cat":[{"value":15,"label":"Uncategorized"}]},"featured_image_src_large":["https:\/\/cocodiys.com\/wp-content\/uploads\/2026\/02\/Cage-bralette-3-819x1024.jpg",819,1024,true],"author_info":[],"comment_info":0,"_links":{"self":[{"href":"https:\/\/cocodiys.com\/fr\/wp-json\/wp\/v2\/product\/4764","targetHints":{"allow":["GET"]}}],"collection":[{"href":"https:\/\/cocodiys.com\/fr\/wp-json\/wp\/v2\/product"}],"about":[{"href":"https:\/\/cocodiys.com\/fr\/wp-json\/wp\/v2\/types\/product"}],"replies":[{"embeddable":true,"href":"https:\/\/cocodiys.com\/fr\/wp-json\/wp\/v2\/comments?post=4764"}],"wp:featuredmedia":[{"embeddable":true,"href":"https:\/\/cocodiys.com\/fr\/wp-json\/wp\/v2\/media\/5166"}],"wp:attachment":[{"href":"https:\/\/cocodiys.com\/fr\/wp-json\/wp\/v2\/media?parent=4764"}],"wp:term":[{"taxonomy":"product_brand","embeddable":true,"href":"https:\/\/cocodiys.com\/fr\/wp-json\/wp\/v2\/product_brand?post=4764"},{"taxonomy":"product_cat","embeddable":true,"href":"https:\/\/cocodiys.com\/fr\/wp-json\/wp\/v2\/product_cat?post=4764"},{"taxonomy":"product_tag","embeddable":true,"href":"https:\/\/cocodiys.com\/fr\/wp-json\/wp\/v2\/product_tag?post=4764"}],"curies":[{"name":"wp","href":"https:\/\/api.w.org\/{rel}","templated":true}]}}