{"id":4768,"date":"2026-02-11T15:45:31","date_gmt":"2026-02-11T15:45:31","guid":{"rendered":"https:\/\/cocodiys.com\/product\/chromatiicat-gift-card\/"},"modified":"2026-02-27T03:34:03","modified_gmt":"2026-02-27T03:34:03","slug":"chromatiicat-gift-card","status":"publish","type":"product","link":"https:\/\/cocodiys.com\/fr\/produit\/chromatiicat-gift-card\/","title":{"rendered":"Carte cadeau Chromatiicat"},"content":{"rendered":"<p>Offrez le cadeau d'une joie \u00e0 porter ! Une carte-cadeau Chromatiicat permet \u00e0 votre bien-aim\u00e9(e) de cr\u00e9er la pi\u00e8ce de ses r\u00eaves. C'est la meilleure fa\u00e7on de dire \u201cJe vois votre magie - maintenant cr\u00e9ez-la !\u201d.\u201d<\/p>\n<p>Vous souhaitez que votre carte-cadeau couvre quelque chose de sp\u00e9cifique (comme le montant exact d'un ver luisant, d'une bralette Cage ou d'un manteau LED) ? Il suffit de <a title=\"Contactez nous\" href=\"https:\/\/chromatiicat.com\/pages\/contact\" target=\"_blank\" rel=\"noopener\">tendre la main<\/a>, et nous serons heureux de vous aider !<\/p>","protected":false},"excerpt":{"rendered":"<p>Offrez le cadeau d'une joie \u00e0 porter ! Une carte-cadeau Chromatiicat permet \u00e0 votre bien-aim\u00e9(e) de cr\u00e9er la pi\u00e8ce de ses r\u00eaves. C'est la meilleure fa\u00e7on de dire \u201cJe vois votre magie - maintenant cr\u00e9ez-la !\u201d. Vous voulez que votre carte-cadeau couvre quelque chose de sp\u00e9cifique (comme la quantit\u00e9 exacte d'un Ver Lumineux, d'une Bralette Cage ou d'un Manteau LED) ? Il vous suffit de...<\/p>","protected":false},"featured_media":5171,"comment_status":"open","ping_status":"closed","template":"","meta":{"_kad_blocks_custom_css":"","_kad_blocks_head_custom_js":"","_kad_blocks_body_custom_js":"","_kad_blocks_footer_custom_js":"","_kad_post_transparent":"default","_kad_post_title":"","_kad_post_layout":"default","_kad_post_sidebar_id":"","_kad_post_content_style":"default","_kad_post_vertical_padding":"default","_kad_post_feature":"","_kad_post_feature_position":"","_kad_post_header":false,"_kad_post_footer":false,"_kad_post_classname":""},"product_brand":[],"product_cat":[15],"product_tag":[],"class_list":{"0":"post-4768","1":"product","2":"type-product","3":"status-publish","4":"has-post-thumbnail","6":"product_cat-uncategorized","8":"first","9":"instock","10":"shipping-taxable","11":"purchasable","12":"product-type-variable","13":"entry","14":"content-bg","15":"loop-entry"},"taxonomy_info":{"product_cat":[{"value":15,"label":"Uncategorized"}]},"featured_image_src_large":["https:\/\/cocodiys.com\/wp-content\/uploads\/2026\/02\/GiftCard-Collage-1024x1024.jpg",1024,1024,true],"author_info":[],"comment_info":0,"_links":{"self":[{"href":"https:\/\/cocodiys.com\/fr\/wp-json\/wp\/v2\/product\/4768","targetHints":{"allow":["GET"]}}],"collection":[{"href":"https:\/\/cocodiys.com\/fr\/wp-json\/wp\/v2\/product"}],"about":[{"href":"https:\/\/cocodiys.com\/fr\/wp-json\/wp\/v2\/types\/product"}],"replies":[{"embeddable":true,"href":"https:\/\/cocodiys.com\/fr\/wp-json\/wp\/v2\/comments?post=4768"}],"wp:featuredmedia":[{"embeddable":true,"href":"https:\/\/cocodiys.com\/fr\/wp-json\/wp\/v2\/media\/5171"}],"wp:attachment":[{"href":"https:\/\/cocodiys.com\/fr\/wp-json\/wp\/v2\/media?parent=4768"}],"wp:term":[{"taxonomy":"product_brand","embeddable":true,"href":"https:\/\/cocodiys.com\/fr\/wp-json\/wp\/v2\/product_brand?post=4768"},{"taxonomy":"product_cat","embeddable":true,"href":"https:\/\/cocodiys.com\/fr\/wp-json\/wp\/v2\/product_cat?post=4768"},{"taxonomy":"product_tag","embeddable":true,"href":"https:\/\/cocodiys.com\/fr\/wp-json\/wp\/v2\/product_tag?post=4768"}],"curies":[{"name":"wp","href":"https:\/\/api.w.org\/{rel}","templated":true}]}}