{"id":4818,"date":"2026-02-11T15:45:32","date_gmt":"2026-02-11T15:45:32","guid":{"rendered":"https:\/\/cocodiys.com\/product\/led-coat-add-ons\/"},"modified":"2026-02-12T04:45:44","modified_gmt":"2026-02-12T04:45:44","slug":"led-coat-add-ons","status":"publish","type":"product","link":"https:\/\/cocodiys.com\/fr\/produit\/led-coat-add-ons\/","title":{"rendered":"Compl\u00e9ments de manteau sur mesure"},"content":{"rendered":"<p>Chez Chromatiicat, nous adorons cr\u00e9er des manteaux de festival uniques et personnalis\u00e9s - et vous pouvez d\u00e9sormais rendre le v\u00f4tre encore plus magique gr\u00e2ce \u00e0 des d\u00e9tails suppl\u00e9mentaires. Ces options de personnalisation n\u00e9cessitent des heures suppl\u00e9mentaires de travail d\u00e9taill\u00e9 et\/ou des mat\u00e9riaux suppl\u00e9mentaires, c'est pourquoi cette liste s\u00e9par\u00e9e vous y aide.<\/p>\n<p><strong>Personnalisations pr\u00e9f\u00e9r\u00e9es :<\/strong><br \/>- Embellissements en cha\u00eene<br \/>- Oreilles d'animaux sur la capuche<br \/>- Patchs d\u00e9coratifs en paillettes<br \/>- Tissu de doublure imprim\u00e9 sur mesure<\/p>\n<p><strong>Plus d'id\u00e9es :<\/strong><br \/>- \u00c9paulettes<br \/>- Cornes ou pointes<br \/>- Accents de harnais ou de franges<br \/>- Cordon de serrage de la capuche<br \/>- Manches et\/ou capuche amovibles<\/p>\n<p>Vous avez une autre id\u00e9e en t\u00eate ? Chromatiicat adore donner vie \u00e0 de nouvelles id\u00e9es. <a href=\"https:\/\/chromatiicat.com\/pages\/contact\" title=\"Lien pour nous contacter\" rel=\"noopener\" target=\"_blank\">envoyez-nous un message<\/a> pour discuter de votre vision !\u00a0<\/p>","protected":false},"excerpt":{"rendered":"<p>Chez Chromatiicat, nous adorons cr\u00e9er des manteaux de festival uniques et personnalis\u00e9s - et vous pouvez d\u00e9sormais rendre le v\u00f4tre encore plus magique gr\u00e2ce \u00e0 des d\u00e9tails suppl\u00e9mentaires. Ces options de personnalisation requi\u00e8rent des heures de travail suppl\u00e9mentaires et\/ou des mat\u00e9riaux additionnels, c'est pourquoi cette liste s\u00e9par\u00e9e vous aide \u00e0 les r\u00e9aliser. Personnalisations pr\u00e9f\u00e9r\u00e9es:- Embellissements en cha\u00eene- Oreilles d'animaux sur la capuche- Patchs d\u00e9coratifs en paillettes- Impression personnalis\u00e9e...<\/p>","protected":false},"featured_media":5187,"comment_status":"open","ping_status":"closed","template":"","meta":{"_kad_blocks_custom_css":"","_kad_blocks_head_custom_js":"","_kad_blocks_body_custom_js":"","_kad_blocks_footer_custom_js":"","_kad_post_transparent":"","_kad_post_title":"","_kad_post_layout":"","_kad_post_sidebar_id":"","_kad_post_content_style":"","_kad_post_vertical_padding":"","_kad_post_feature":"","_kad_post_feature_position":"","_kad_post_header":false,"_kad_post_footer":false,"_kad_post_classname":""},"product_brand":[],"product_cat":[15],"product_tag":[],"class_list":{"0":"post-4818","1":"product","2":"type-product","3":"status-publish","4":"has-post-thumbnail","6":"product_cat-uncategorized","8":"first","9":"instock","10":"shipping-taxable","11":"purchasable","12":"product-type-variable","13":"entry","14":"content-bg","15":"loop-entry"},"taxonomy_info":{"product_cat":[{"value":15,"label":"Uncategorized"}]},"featured_image_src_large":["https:\/\/cocodiys.com\/wp-content\/uploads\/2026\/02\/Custom_Coat_Add-On_Image-1024x768.jpg",1024,768,true],"author_info":[],"comment_info":0,"_links":{"self":[{"href":"https:\/\/cocodiys.com\/fr\/wp-json\/wp\/v2\/product\/4818","targetHints":{"allow":["GET"]}}],"collection":[{"href":"https:\/\/cocodiys.com\/fr\/wp-json\/wp\/v2\/product"}],"about":[{"href":"https:\/\/cocodiys.com\/fr\/wp-json\/wp\/v2\/types\/product"}],"replies":[{"embeddable":true,"href":"https:\/\/cocodiys.com\/fr\/wp-json\/wp\/v2\/comments?post=4818"}],"wp:featuredmedia":[{"embeddable":true,"href":"https:\/\/cocodiys.com\/fr\/wp-json\/wp\/v2\/media\/5187"}],"wp:attachment":[{"href":"https:\/\/cocodiys.com\/fr\/wp-json\/wp\/v2\/media?parent=4818"}],"wp:term":[{"taxonomy":"product_brand","embeddable":true,"href":"https:\/\/cocodiys.com\/fr\/wp-json\/wp\/v2\/product_brand?post=4818"},{"taxonomy":"product_cat","embeddable":true,"href":"https:\/\/cocodiys.com\/fr\/wp-json\/wp\/v2\/product_cat?post=4818"},{"taxonomy":"product_tag","embeddable":true,"href":"https:\/\/cocodiys.com\/fr\/wp-json\/wp\/v2\/product_tag?post=4818"}],"curies":[{"name":"wp","href":"https:\/\/api.w.org\/{rel}","templated":true}]}}