{"id":4831,"date":"2026-02-11T15:45:36","date_gmt":"2026-02-11T15:45:36","guid":{"rendered":"https:\/\/cocodiys.com\/product\/hoods\/"},"modified":"2026-02-12T04:45:45","modified_gmt":"2026-02-12T04:45:45","slug":"hoods","status":"publish","type":"product","link":"https:\/\/cocodiys.com\/fr\/produit\/hoods\/","title":{"rendered":"Capot Festival personnalis\u00e9 (sans LED)"},"content":{"rendered":"<p>Cr\u00e9ez votre propre cagoule de festival en fausse fourrure personnalis\u00e9e - l'accessoire de festival ultime ou la pi\u00e8ce de d\u00e9claration universelle. Notre cagoule de festival comporte de longues tentacules pendantes qui se balancent au gr\u00e9 de vos mouvements et dont les extr\u00e9mit\u00e9s sont l\u00e9g\u00e8rement lest\u00e9es pour plus d'effet et de confort.\u00a0<\/p>\n<p>Chaque cagoule est fabriqu\u00e9e sur commande et enti\u00e8rement personnalisable. Choisissez la couleur de fausse fourrure, la doublure de la cagoule et le style d'oreilles de l'animal que vous pr\u00e9f\u00e9rez - un jeu est inclus dans chaque commande. Pour encore plus de caract\u00e8re, des cornes imprim\u00e9es en 3D sont disponibles en option dans diff\u00e9rentes tailles et peuvent \u00eatre assorties \u00e0 la couleur de la cagoule. Si vous souhaitez ajouter des LED \u00e0 votre cagoule, consultez la rubrique <a rel=\"noopener\" title=\"Lien vers la hotte du festival LED\" href=\"https:\/\/chromatiicat.com\/products\/led-hood\" target=\"_blank\">cette liste<\/a> <meta charset=\"utf-8\">pour plus d'informations.<\/p>\n<p>Veuillez indiquer vos pr\u00e9f\u00e9rences en mati\u00e8re de tissu dans les Notes de personnalisation ou Chromatiicat vous contactera d\u00e8s r\u00e9ception de votre commande pour vous aider \u00e0 cr\u00e9er la cagoule de vos r\u00eaves.\u00a0<\/p>","protected":false},"excerpt":{"rendered":"<p>Cr\u00e9ez votre propre cagoule de festival en fausse fourrure personnalis\u00e9e - l'accessoire de festival ultime ou la pi\u00e8ce de d\u00e9claration universelle. Notre cagoule de festival comporte de longues tentacules pendantes qui se balancent au gr\u00e9 de vos mouvements et dont les extr\u00e9mit\u00e9s sont l\u00e9g\u00e8rement lest\u00e9es pour plus d'effet et de confort.  Chaque cagoule est fabriqu\u00e9e sur commande et enti\u00e8rement personnalisable. Choisissez votre faux...<\/p>","protected":false},"featured_media":5196,"comment_status":"open","ping_status":"closed","template":"","meta":{"_kad_blocks_custom_css":"","_kad_blocks_head_custom_js":"","_kad_blocks_body_custom_js":"","_kad_blocks_footer_custom_js":"","_kad_post_transparent":"","_kad_post_title":"","_kad_post_layout":"","_kad_post_sidebar_id":"","_kad_post_content_style":"","_kad_post_vertical_padding":"","_kad_post_feature":"","_kad_post_feature_position":"","_kad_post_header":false,"_kad_post_footer":false,"_kad_post_classname":""},"product_brand":[],"product_cat":[15],"product_tag":[],"class_list":{"0":"post-4831","1":"product","2":"type-product","3":"status-publish","4":"has-post-thumbnail","6":"product_cat-uncategorized","8":"first","9":"instock","10":"shipping-taxable","11":"purchasable","12":"product-type-variable","13":"entry","14":"content-bg","15":"loop-entry"},"taxonomy_info":{"product_cat":[{"value":15,"label":"Uncategorized"}]},"featured_image_src_large":["https:\/\/cocodiys.com\/wp-content\/uploads\/2026\/02\/Black-and-white-hood-1024x1024.jpg",1024,1024,true],"author_info":[],"comment_info":0,"_links":{"self":[{"href":"https:\/\/cocodiys.com\/fr\/wp-json\/wp\/v2\/product\/4831","targetHints":{"allow":["GET"]}}],"collection":[{"href":"https:\/\/cocodiys.com\/fr\/wp-json\/wp\/v2\/product"}],"about":[{"href":"https:\/\/cocodiys.com\/fr\/wp-json\/wp\/v2\/types\/product"}],"replies":[{"embeddable":true,"href":"https:\/\/cocodiys.com\/fr\/wp-json\/wp\/v2\/comments?post=4831"}],"wp:featuredmedia":[{"embeddable":true,"href":"https:\/\/cocodiys.com\/fr\/wp-json\/wp\/v2\/media\/5196"}],"wp:attachment":[{"href":"https:\/\/cocodiys.com\/fr\/wp-json\/wp\/v2\/media?parent=4831"}],"wp:term":[{"taxonomy":"product_brand","embeddable":true,"href":"https:\/\/cocodiys.com\/fr\/wp-json\/wp\/v2\/product_brand?post=4831"},{"taxonomy":"product_cat","embeddable":true,"href":"https:\/\/cocodiys.com\/fr\/wp-json\/wp\/v2\/product_cat?post=4831"},{"taxonomy":"product_tag","embeddable":true,"href":"https:\/\/cocodiys.com\/fr\/wp-json\/wp\/v2\/product_tag?post=4831"}],"curies":[{"name":"wp","href":"https:\/\/api.w.org\/{rel}","templated":true}]}}