{"id":4881,"date":"2026-02-11T15:45:38","date_gmt":"2026-02-11T15:45:38","guid":{"rendered":"https:\/\/cocodiys.com\/product\/custom-led-duster\/"},"modified":"2026-02-12T09:40:13","modified_gmt":"2026-02-12T09:40:13","slug":"custom-led-duster","status":"publish","type":"product","link":"https:\/\/cocodiys.com\/fr\/produit\/custom-led-duster\/","title":{"rendered":"Duster LED personnalis\u00e9"},"content":{"rendered":"<p>Voici notre gilet plumeau \u00e0 LED - un spectacle le jour, un spectacle lumineux la nuit. Ce gilet fait main est compos\u00e9 d'un tissu ext\u00e9rieur et d'une doublure de votre choix, d'une bordure en fausse fourrure avec LED et d'une grande capuche.<\/p>\n<p><strong>Personnalisez votre look :<\/strong><br \/>\nChaque plumeau est fabriqu\u00e9 sur mesure. Apr\u00e8s l'achat, Chromatiicat vous contactera pour vous aider \u00e0 choisir les tissus de la doublure et de l'ext\u00e9rieur. Les options comprennent :<br \/>\n- Basic : Satins solides et imprim\u00e9s simples<br \/>\n- Impression personnalis\u00e9e : Des tissus uniques dans une multitude de motifs et de types de tissus.<br \/>\n- Tapisserie d'art : Tissus de qualit\u00e9 sup\u00e9rieure r\u00e9actifs aux UV ou tissus d'art visionnaire (des prix plus \u00e9lev\u00e9s peuvent \u00eatre appliqu\u00e9s en fonction de la s\u00e9lection).<\/p>\n<p>La longueur et la coupe peuvent \u00e9galement \u00eatre personnalis\u00e9es pour correspondre \u00e0 vos mesures sp\u00e9cifiques.<\/p>\n<p><strong>La fourrure qui brille le plus :<\/strong><br \/>\nLes LED brillent le plus \u00e0 travers la fausse fourrure blanche ou \u00e0 base de blanc. Pour la garniture, choisissez parmi :<br \/>\n- Diff\u00e9rents styles de fourrure blanche<br \/>\n- Base blanche avec des pointes color\u00e9es en : Noir, gris, rose, aqua, lavande, violet ou ambre<\/p>\n<p><strong>Tout sur les lumi\u00e8res :<\/strong><br \/>\nContr\u00f4lez facilement votre \u00e9clat \u00e0 l'aide d'une application pour smartphone : personnalisez les couleurs, les motifs, la luminosit\u00e9, la vitesse et synchronisez m\u00eame les lumi\u00e8res avec la musique. Une autre fonction amusante de nos v\u00eatements LED est la synchronisation de groupe - toutes les cr\u00e9ations Chromatiicat peuvent \u00eatre reli\u00e9es entre elles pour un look de groupe enti\u00e8rement synchronis\u00e9 qui illumine la nuit.<\/p>\n<p>Chaque plumeau est \u00e9quip\u00e9 de LED \u00e9tanches (oui, il peut \u00eatre lav\u00e9 \u00e0 la main !) et d'une batterie rechargeable qui vous permettra de briller jusqu'au lever du soleil. Pour des instructions d'entretien plus d\u00e9taill\u00e9es, veuillez consulter notre page FAQ ici.<\/p>","protected":false},"excerpt":{"rendered":"<p>Voici notre gilet plumeau \u00e0 LED - un spectacle le jour, un spectacle lumineux la nuit. Cette veste fabriqu\u00e9e \u00e0 la main est dot\u00e9e d'un tissu ext\u00e9rieur et d'une doublure de votre choix, d'une bordure en fausse fourrure avec LED et d'une grande capuche. Personnalisez votre look : Chaque plumeau est fabriqu\u00e9 sur mesure. Apr\u00e8s l'achat, Chromatiicat vous contactera pour vous aider \u00e0 choisir...<\/p>","protected":false},"featured_media":5234,"comment_status":"open","ping_status":"closed","template":"","meta":{"_kad_blocks_custom_css":"","_kad_blocks_head_custom_js":"","_kad_blocks_body_custom_js":"","_kad_blocks_footer_custom_js":"","_kad_post_transparent":"default","_kad_post_title":"","_kad_post_layout":"default","_kad_post_sidebar_id":"","_kad_post_content_style":"default","_kad_post_vertical_padding":"default","_kad_post_feature":"","_kad_post_feature_position":"","_kad_post_header":false,"_kad_post_footer":false,"_kad_post_classname":""},"product_brand":[],"product_cat":[15],"product_tag":[],"class_list":{"0":"post-4881","1":"product","2":"type-product","3":"status-publish","4":"has-post-thumbnail","6":"product_cat-uncategorized","8":"first","9":"instock","10":"shipping-taxable","11":"purchasable","12":"product-type-variable","13":"entry","14":"content-bg","15":"loop-entry"},"taxonomy_info":{"product_cat":[{"value":15,"label":"Uncategorized"}]},"featured_image_src_large":["https:\/\/cocodiys.com\/wp-content\/uploads\/2026\/02\/Duster_cover_photo-1024x1024.jpg",1024,1024,true],"author_info":[],"comment_info":0,"_links":{"self":[{"href":"https:\/\/cocodiys.com\/fr\/wp-json\/wp\/v2\/product\/4881","targetHints":{"allow":["GET"]}}],"collection":[{"href":"https:\/\/cocodiys.com\/fr\/wp-json\/wp\/v2\/product"}],"about":[{"href":"https:\/\/cocodiys.com\/fr\/wp-json\/wp\/v2\/types\/product"}],"replies":[{"embeddable":true,"href":"https:\/\/cocodiys.com\/fr\/wp-json\/wp\/v2\/comments?post=4881"}],"wp:featuredmedia":[{"embeddable":true,"href":"https:\/\/cocodiys.com\/fr\/wp-json\/wp\/v2\/media\/5234"}],"wp:attachment":[{"href":"https:\/\/cocodiys.com\/fr\/wp-json\/wp\/v2\/media?parent=4881"}],"wp:term":[{"taxonomy":"product_brand","embeddable":true,"href":"https:\/\/cocodiys.com\/fr\/wp-json\/wp\/v2\/product_brand?post=4881"},{"taxonomy":"product_cat","embeddable":true,"href":"https:\/\/cocodiys.com\/fr\/wp-json\/wp\/v2\/product_cat?post=4881"},{"taxonomy":"product_tag","embeddable":true,"href":"https:\/\/cocodiys.com\/fr\/wp-json\/wp\/v2\/product_tag?post=4881"}],"curies":[{"name":"wp","href":"https:\/\/api.w.org\/{rel}","templated":true}]}}