{"id":4903,"date":"2026-02-11T15:45:38","date_gmt":"2026-02-11T15:45:38","guid":{"rendered":"https:\/\/cocodiys.com\/product\/led-hood\/"},"modified":"2026-02-12T09:44:41","modified_gmt":"2026-02-12T09:44:41","slug":"led-hood","status":"publish","type":"product","link":"https:\/\/cocodiys.com\/fr\/produit\/led-hood\/","title":{"rendered":"Capot de festival \u00e0 LED personnalis\u00e9"},"content":{"rendered":"<p>Illuminez la nuit avec votre propre cagoule de festival \u00e0 LED personnalis\u00e9e - l'accessoire de festival ultime ou la pi\u00e8ce de d\u00e9claration universelle. Notre cagoule de festival est dot\u00e9e de LED sur toute sa surface et de longues tentacules l\u00e9g\u00e8rement lest\u00e9es qui accompagnent vos mouvements.<\/p>\n<p>Chaque cagoule est fabriqu\u00e9e sur commande et enti\u00e8rement personnalisable. Choisissez la couleur de fausse fourrure, la doublure de la cagoule et le style d'oreilles de l'animal que vous pr\u00e9f\u00e9rez - un jeu est inclus dans chaque commande. Pour encore plus de caract\u00e8re, des cornes imprim\u00e9es en 3D sont disponibles en option dans diff\u00e9rentes tailles et peuvent \u00eatre assorties \u00e0 la couleur de la cagoule.<\/p>\n<p>Veuillez indiquer vos pr\u00e9f\u00e9rences en mati\u00e8re de tissu dans les Notes de personnalisation ou Chromatiicat vous contactera d\u00e8s r\u00e9ception de votre commande pour vous aider \u00e0 cr\u00e9er la hotte LED de vos r\u00eaves.<\/p>\n<p><strong>La fourrure qui brille le plus :<\/strong><br \/>\nLes LED brillent le plus \u00e0 travers la fausse fourrure blanche ou \u00e0 base de blanc. Choisissez parmi :<br \/>\n- Diff\u00e9rents styles de fourrure blanche<br \/>\n- Base blanche avec des pointes color\u00e9es en : Noir, gris, rose, aqua, lavande, violet ou ambre<\/p>\n<p><strong>Tout sur les lumi\u00e8res :<\/strong><br \/>\nContr\u00f4lez facilement votre \u00e9clat \u00e0 l'aide d'une application pour smartphone : personnalisez les couleurs, les motifs, la luminosit\u00e9, la vitesse et synchronisez m\u00eame les lumi\u00e8res avec la musique. Une autre fonction amusante de nos v\u00eatements LED est la synchronisation de groupe - toutes les cr\u00e9ations Chromatiicat peuvent \u00eatre reli\u00e9es entre elles pour un look de groupe enti\u00e8rement synchronis\u00e9 qui illumine la nuit.<\/p>\n<p>Chaque cagoule est \u00e9quip\u00e9e de LED \u00e9tanches (oui, elles sont lavables \u00e0 la main !) et d'une batterie rechargeable qui vous permettra de briller jusqu'au lever du soleil. Pour des instructions d'entretien plus d\u00e9taill\u00e9es, veuillez consulter notre page FAQ ici.<\/p>","protected":false},"excerpt":{"rendered":"<p>Illuminez la nuit avec votre propre cagoule de festival \u00e0 LED personnalis\u00e9e - l'accessoire de festival ultime ou la pi\u00e8ce de d\u00e9claration universelle. Notre cagoule de festival est dot\u00e9e de LED sur toute sa surface et de longues tentacules l\u00e9g\u00e8rement lest\u00e9es qui suivent vos mouvements. Chaque cagoule est fabriqu\u00e9e sur commande et enti\u00e8rement personnalisable. Choisissez la couleur de votre fausse fourrure, la doublure de la cagoule et...<\/p>","protected":false},"featured_media":5241,"comment_status":"open","ping_status":"closed","template":"","meta":{"_kad_blocks_custom_css":"","_kad_blocks_head_custom_js":"","_kad_blocks_body_custom_js":"","_kad_blocks_footer_custom_js":"","_kad_post_transparent":"default","_kad_post_title":"","_kad_post_layout":"default","_kad_post_sidebar_id":"","_kad_post_content_style":"default","_kad_post_vertical_padding":"default","_kad_post_feature":"","_kad_post_feature_position":"","_kad_post_header":false,"_kad_post_footer":false,"_kad_post_classname":""},"product_brand":[],"product_cat":[15],"product_tag":[],"class_list":{"0":"post-4903","1":"product","2":"type-product","3":"status-publish","4":"has-post-thumbnail","6":"product_cat-uncategorized","8":"first","9":"instock","10":"shipping-taxable","11":"purchasable","12":"product-type-variable","13":"entry","14":"content-bg","15":"loop-entry"},"taxonomy_info":{"product_cat":[{"value":15,"label":"Uncategorized"}]},"featured_image_src_large":["https:\/\/cocodiys.com\/wp-content\/uploads\/2026\/02\/Pink_LED_hood-749x1024.jpg",749,1024,true],"author_info":[],"comment_info":0,"_links":{"self":[{"href":"https:\/\/cocodiys.com\/fr\/wp-json\/wp\/v2\/product\/4903","targetHints":{"allow":["GET"]}}],"collection":[{"href":"https:\/\/cocodiys.com\/fr\/wp-json\/wp\/v2\/product"}],"about":[{"href":"https:\/\/cocodiys.com\/fr\/wp-json\/wp\/v2\/types\/product"}],"replies":[{"embeddable":true,"href":"https:\/\/cocodiys.com\/fr\/wp-json\/wp\/v2\/comments?post=4903"}],"wp:featuredmedia":[{"embeddable":true,"href":"https:\/\/cocodiys.com\/fr\/wp-json\/wp\/v2\/media\/5241"}],"wp:attachment":[{"href":"https:\/\/cocodiys.com\/fr\/wp-json\/wp\/v2\/media?parent=4903"}],"wp:term":[{"taxonomy":"product_brand","embeddable":true,"href":"https:\/\/cocodiys.com\/fr\/wp-json\/wp\/v2\/product_brand?post=4903"},{"taxonomy":"product_cat","embeddable":true,"href":"https:\/\/cocodiys.com\/fr\/wp-json\/wp\/v2\/product_cat?post=4903"},{"taxonomy":"product_tag","embeddable":true,"href":"https:\/\/cocodiys.com\/fr\/wp-json\/wp\/v2\/product_tag?post=4903"}],"curies":[{"name":"wp","href":"https:\/\/api.w.org\/{rel}","templated":true}]}}