{"id":4910,"date":"2026-02-11T15:45:38","date_gmt":"2026-02-11T15:45:38","guid":{"rendered":"https:\/\/cocodiys.com\/product\/led-vest\/"},"modified":"2026-02-12T09:44:54","modified_gmt":"2026-02-12T09:44:54","slug":"led-vest","status":"publish","type":"product","link":"https:\/\/cocodiys.com\/fr\/produit\/led-vest\/","title":{"rendered":"Gilet LED personnalis\u00e9"},"content":{"rendered":"<p>Nos vestes LED personnalis\u00e9es sont faites \u00e0 la main pour illuminer votre univers festivalier. Choisissez votre fausse fourrure, votre doublure et votre longueur, puis nous apporterons la magie des LED pour une cr\u00e9ation unique en son genre qui fera tourner les t\u00eates et suscitera la joie.<\/p>\n<p>Apr\u00e8s avoir re\u00e7u votre commande, Chromatiicat vous contactera pour vous aider \u00e0 choisir tous les \u00e9l\u00e9ments, des couleurs du tissu et de la doublure \u00e0 toutes les caract\u00e9ristiques sp\u00e9ciales amusantes. Personnalisez chaque d\u00e9tail \u00e0 votre guise - ou laissez-nous vous aider \u00e0 m\u00e9langer, assortir et imaginer quelque chose d'\u00e9pique.<\/p>\n<p><strong>Personnalisez votre :<\/strong><br \/>\n- Tissu(s) ext\u00e9rieur(s) et couleur(s)<br \/>\n- Tissu de la doublure et couleur(s)<br \/>\n- Taille et longueur<br \/>\n- Capuche et revers<br \/>\n- Des accessoires suppl\u00e9mentaires : Pensez aux oreilles d'animaux, aux poches secr\u00e8tes, aux ornements en cha\u00eene et plus encore ! Veuillez acheter les \u00e9l\u00e9ments suppl\u00e9mentaires <a title=\"Compl\u00e9ments\" href=\"https:\/\/chromatiicat.com\/products\/led-coat-add-ons\" target=\"_blank\" rel=\"noopener\">ici<\/a><\/p>\n<p><strong>Choisissez votre style :<\/strong><br \/>\n- Short : De la taille \u00e0 la hanche<br \/>\n- mi-longueur : de la hanche au dessus du genou<br \/>\n- Longueur totale : Du genou \u00e0 la cheville<\/p>\n<p><strong>La fourrure qui brille le plus :<\/strong><br \/>\nLes LED brillent le plus \u00e0 travers la fausse fourrure blanche ou \u00e0 base de blanc. Choisissez parmi :<br \/>\n- Diff\u00e9rents styles de fourrure blanche<br \/>\n- Base blanche avec des pointes color\u00e9es en : Noir, gris, rose, aqua, lavande, violet ou ambre<\/p>\n<p><strong>Tout sur les lumi\u00e8res :<\/strong><br \/>\nContr\u00f4lez facilement votre \u00e9clat \u00e0 l'aide d'une application pour smartphone : personnalisez les couleurs, les motifs, la luminosit\u00e9, la vitesse et synchronisez m\u00eame les lumi\u00e8res avec la musique. Une autre fonction amusante de nos v\u00eatements LED est la synchronisation de groupe - toutes les cr\u00e9ations Chromatiicat peuvent \u00eatre reli\u00e9es entre elles pour un look de groupe enti\u00e8rement synchronis\u00e9 qui illumine la nuit.<\/p>\n<p>Chaque gilet est \u00e9quip\u00e9 de LED \u00e9tanches (oui, il est lavable \u00e0 la main !) et d'une batterie rechargeable qui vous permettra de briller jusqu'au lever du soleil. Pour des instructions d'entretien plus d\u00e9taill\u00e9es, veuillez consulter notre page FAQ ici.<\/p>","protected":false},"excerpt":{"rendered":"<p>Nos vestes LED personnalis\u00e9es sont faites \u00e0 la main pour illuminer votre univers festivalier. Choisissez votre fausse fourrure, votre doublure et votre longueur - puis nous apporterons la magie avec des LED pour une cr\u00e9ation unique qui fera tourner les t\u00eates et suscitera la joie. Apr\u00e8s avoir re\u00e7u votre commande, Chromatiicat vous contactera pour vous aider \u00e0 choisir le tissu et la...<\/p>","protected":false},"featured_media":5261,"comment_status":"open","ping_status":"closed","template":"","meta":{"_kad_blocks_custom_css":"","_kad_blocks_head_custom_js":"","_kad_blocks_body_custom_js":"","_kad_blocks_footer_custom_js":"","_kad_post_transparent":"default","_kad_post_title":"","_kad_post_layout":"default","_kad_post_sidebar_id":"","_kad_post_content_style":"default","_kad_post_vertical_padding":"default","_kad_post_feature":"","_kad_post_feature_position":"","_kad_post_header":false,"_kad_post_footer":false,"_kad_post_classname":""},"product_brand":[],"product_cat":[15],"product_tag":[],"class_list":{"0":"post-4910","1":"product","2":"type-product","3":"status-publish","4":"has-post-thumbnail","6":"product_cat-uncategorized","8":"first","9":"instock","10":"shipping-taxable","11":"purchasable","12":"product-type-variable","13":"entry","14":"content-bg","15":"loop-entry"},"taxonomy_info":{"product_cat":[{"value":15,"label":"Uncategorized"}]},"featured_image_src_large":["https:\/\/cocodiys.com\/wp-content\/uploads\/2026\/02\/LED-Vest-Male-1024x1024.jpg",1024,1024,true],"author_info":[],"comment_info":0,"_links":{"self":[{"href":"https:\/\/cocodiys.com\/fr\/wp-json\/wp\/v2\/product\/4910","targetHints":{"allow":["GET"]}}],"collection":[{"href":"https:\/\/cocodiys.com\/fr\/wp-json\/wp\/v2\/product"}],"about":[{"href":"https:\/\/cocodiys.com\/fr\/wp-json\/wp\/v2\/types\/product"}],"replies":[{"embeddable":true,"href":"https:\/\/cocodiys.com\/fr\/wp-json\/wp\/v2\/comments?post=4910"}],"wp:featuredmedia":[{"embeddable":true,"href":"https:\/\/cocodiys.com\/fr\/wp-json\/wp\/v2\/media\/5261"}],"wp:attachment":[{"href":"https:\/\/cocodiys.com\/fr\/wp-json\/wp\/v2\/media?parent=4910"}],"wp:term":[{"taxonomy":"product_brand","embeddable":true,"href":"https:\/\/cocodiys.com\/fr\/wp-json\/wp\/v2\/product_brand?post=4910"},{"taxonomy":"product_cat","embeddable":true,"href":"https:\/\/cocodiys.com\/fr\/wp-json\/wp\/v2\/product_cat?post=4910"},{"taxonomy":"product_tag","embeddable":true,"href":"https:\/\/cocodiys.com\/fr\/wp-json\/wp\/v2\/product_tag?post=4910"}],"curies":[{"name":"wp","href":"https:\/\/api.w.org\/{rel}","templated":true}]}}