{"id":4953,"date":"2026-02-11T15:45:43","date_gmt":"2026-02-11T15:45:43","guid":{"rendered":"https:\/\/cocodiys.com\/product\/sequin-and-faux-fur-coat\/"},"modified":"2026-02-12T09:45:31","modified_gmt":"2026-02-12T09:45:31","slug":"sequin-and-faux-fur-coat","status":"publish","type":"product","link":"https:\/\/cocodiys.com\/fr\/produit\/sequin-and-faux-fur-coat\/","title":{"rendered":"Manteau \u00e0 paillettes et fausse fourrure sur mesure"},"content":{"rendered":"<p>Notre manteau \u00e0 paillettes et fausse fourrure est fait pour faire tourner les t\u00eates, attirer les lumi\u00e8res et voler la vedette o\u00f9 que vous alliez. Chaque manteau est fabriqu\u00e9 sur commande et totalement personnalisable - choisissez n'importe quelle couleur de paillettes, votre garniture en fausse fourrure pr\u00e9f\u00e9r\u00e9e et une doublure int\u00e9rieure personnalis\u00e9e pour cr\u00e9er une pi\u00e8ce unique.<\/p>\n<p>Apr\u00e8s avoir re\u00e7u votre commande, Chromatiicat vous contactera pour vous aider \u00e0 choisir tous les \u00e9l\u00e9ments, des couleurs du tissu et de la doublure \u00e0 toutes les caract\u00e9ristiques sp\u00e9ciales amusantes. Personnalisez chaque d\u00e9tail \u00e0 votre guise - ou laissez-nous vous aider \u00e0 m\u00e9langer, assortir et imaginer quelque chose d'\u00e9pique.<\/p>\n<p><strong>Personnalisez votre :<\/strong><br \/>\n- Couleur(s) paillettes et fausse fourrure<br \/>\n- Tissu de la doublure et couleur(s)<br \/>\n- Taille et longueur<br \/>\n- Capuche et revers<br \/>\n- Ajouts suppl\u00e9mentaires : Pensez aux oreilles d'animaux, aux manches amovibles, \u00e0 la capuche, aux poches secr\u00e8tes, aux ornements en cha\u00eene et plus encore ! Veuillez acheter les options suppl\u00e9mentaires ici<\/p>\n<p><strong>Choisissez votre style :<\/strong><br \/>\n- Short : De la taille \u00e0 la hanche<br \/>\n- mi-longueur : de la hanche au dessus du genou<br \/>\n- Longueur totale : Du genou \u00e0 la cheville<\/p>","protected":false},"excerpt":{"rendered":"<p>Notre manteau \u00e0 paillettes et fausse fourrure est fait pour faire tourner les t\u00eates, attirer les lumi\u00e8res et voler la vedette o\u00f9 que vous alliez. Chaque manteau est fabriqu\u00e9 sur commande et totalement personnalisable - choisissez n'importe quelle couleur de paillettes, votre garniture en fausse fourrure pr\u00e9f\u00e9r\u00e9e et une doublure int\u00e9rieure personnalis\u00e9e pour cr\u00e9er une pi\u00e8ce unique. Apr\u00e8s avoir re\u00e7u votre commande, Chromatiicat...<\/p>","protected":false},"featured_media":5273,"comment_status":"open","ping_status":"closed","template":"","meta":{"_kad_blocks_custom_css":"","_kad_blocks_head_custom_js":"","_kad_blocks_body_custom_js":"","_kad_blocks_footer_custom_js":"","_kad_post_transparent":"default","_kad_post_title":"","_kad_post_layout":"default","_kad_post_sidebar_id":"","_kad_post_content_style":"default","_kad_post_vertical_padding":"default","_kad_post_feature":"","_kad_post_feature_position":"","_kad_post_header":false,"_kad_post_footer":false,"_kad_post_classname":""},"product_brand":[],"product_cat":[15],"product_tag":[],"class_list":{"0":"post-4953","1":"product","2":"type-product","3":"status-publish","4":"has-post-thumbnail","6":"product_cat-uncategorized","8":"first","9":"instock","10":"shipping-taxable","11":"purchasable","12":"product-type-variable","13":"entry","14":"content-bg","15":"loop-entry"},"taxonomy_info":{"product_cat":[{"value":15,"label":"Uncategorized"}]},"featured_image_src_large":["https:\/\/cocodiys.com\/wp-content\/uploads\/2026\/02\/Silver-Sequin-Coat-2-1024x1024.jpg",1024,1024,true],"author_info":[],"comment_info":0,"_links":{"self":[{"href":"https:\/\/cocodiys.com\/fr\/wp-json\/wp\/v2\/product\/4953","targetHints":{"allow":["GET"]}}],"collection":[{"href":"https:\/\/cocodiys.com\/fr\/wp-json\/wp\/v2\/product"}],"about":[{"href":"https:\/\/cocodiys.com\/fr\/wp-json\/wp\/v2\/types\/product"}],"replies":[{"embeddable":true,"href":"https:\/\/cocodiys.com\/fr\/wp-json\/wp\/v2\/comments?post=4953"}],"wp:featuredmedia":[{"embeddable":true,"href":"https:\/\/cocodiys.com\/fr\/wp-json\/wp\/v2\/media\/5273"}],"wp:attachment":[{"href":"https:\/\/cocodiys.com\/fr\/wp-json\/wp\/v2\/media?parent=4953"}],"wp:term":[{"taxonomy":"product_brand","embeddable":true,"href":"https:\/\/cocodiys.com\/fr\/wp-json\/wp\/v2\/product_brand?post=4953"},{"taxonomy":"product_cat","embeddable":true,"href":"https:\/\/cocodiys.com\/fr\/wp-json\/wp\/v2\/product_cat?post=4953"},{"taxonomy":"product_tag","embeddable":true,"href":"https:\/\/cocodiys.com\/fr\/wp-json\/wp\/v2\/product_tag?post=4953"}],"curies":[{"name":"wp","href":"https:\/\/api.w.org\/{rel}","templated":true}]}}