{"id":4972,"date":"2026-02-11T15:45:44","date_gmt":"2026-02-11T15:45:44","guid":{"rendered":"https:\/\/cocodiys.com\/product\/dust-bandana\/"},"modified":"2026-02-12T09:45:35","modified_gmt":"2026-02-12T09:45:35","slug":"dust-bandana","status":"publish","type":"product","link":"https:\/\/cocodiys.com\/fr\/produit\/dust-bandana\/","title":{"rendered":"Bandana anti-poussi\u00e8re"},"content":{"rendered":"<p data-start=\"178\" data-end=\"220\"><strong data-start=\"178\" data-end=\"218\">Cette pi\u00e8ce fait partie de notre vente du vendredi noir - elle est pr\u00eate \u00e0 \u00eatre exp\u00e9di\u00e9e et arrivera avant No\u00ebl !\u00a0<\/strong><\/p>\n<p data-start=\"178\" data-end=\"220\"><strong data-start=\"178\" data-end=\"218\">Voici le bandana anti-poussi\u00e8re Chromatiicat \u2728<\/strong><\/p>\n<p data-start=\"222\" data-end=\"474\">Con\u00e7u pour les aventures en festival et les journ\u00e9es poussi\u00e9reuses en playa, ce v\u00eatement allie style et fonction dans la plus pure tradition Chromatiicat. Il ressemble \u00e0 un bandana mais se porte comme un gu\u00eatre de cou - vous prot\u00e9geant de la poussi\u00e8re tout en ajoutant une touche audacieuse \u00e0 votre tenue.<\/p>\n<p data-start=\"476\" data-end=\"623\">Chaque masque est compos\u00e9 de deux couches de tissu doux et respirant et comporte un cordon de serrage extensible pour un maintien s\u00fbr et confortable en \u201cmode masque anti-poussi\u00e8re\u201d.\u201d<\/p>\n<p data-start=\"625\" data-end=\"816\">Notre lot actuel est <em data-start=\"646\" data-end=\"675\">en stock et pr\u00eat \u00e0 \u00eatre exp\u00e9di\u00e9 !<\/em><br data-start=\"675\" data-end=\"678\" \/>Vous en voulez un qui soit parfaitement assorti \u00e0 votre manteau ou \u00e0 votre tenue LED personnalis\u00e9e ? N'h\u00e9sitez pas \u00e0 nous contacter pour concevoir votre propre bandana anti-poussi\u00e8re.<\/p>","protected":false},"excerpt":{"rendered":"<p>Cette pi\u00e8ce fait partie de notre vente du vendredi noir - elle est pr\u00eate \u00e0 \u00eatre exp\u00e9di\u00e9e et arrivera avant No\u00ebl !  Voici le Chromatiicat Dust Bandana \u2728 Con\u00e7u pour les aventures en festival et les journ\u00e9es poussi\u00e9reuses en playa, cette pi\u00e8ce allie style et fonction dans la plus pure tradition Chromatiicat. Il ressemble \u00e0 un bandana mais se porte comme une gu\u00eatre -...<\/p>","protected":false},"featured_media":5281,"comment_status":"open","ping_status":"closed","template":"","meta":{"_kad_blocks_custom_css":"","_kad_blocks_head_custom_js":"","_kad_blocks_body_custom_js":"","_kad_blocks_footer_custom_js":"","_kad_post_transparent":"default","_kad_post_title":"","_kad_post_layout":"default","_kad_post_sidebar_id":"","_kad_post_content_style":"default","_kad_post_vertical_padding":"default","_kad_post_feature":"","_kad_post_feature_position":"","_kad_post_header":false,"_kad_post_footer":false,"_kad_post_classname":""},"product_brand":[],"product_cat":[15],"product_tag":[],"class_list":{"0":"post-4972","1":"product","2":"type-product","3":"status-publish","4":"has-post-thumbnail","6":"product_cat-uncategorized","8":"first","9":"instock","10":"shipping-taxable","11":"purchasable","12":"product-type-variable","13":"entry","14":"content-bg","15":"loop-entry"},"taxonomy_info":{"product_cat":[{"value":15,"label":"Uncategorized"}]},"featured_image_src_large":["https:\/\/cocodiys.com\/wp-content\/uploads\/2026\/02\/GridArt_20250606_163638888_3d98beb8-f2ac-4320-b878-cb7566cebebc-1024x768.jpg",1024,768,true],"author_info":[],"comment_info":0,"_links":{"self":[{"href":"https:\/\/cocodiys.com\/fr\/wp-json\/wp\/v2\/product\/4972","targetHints":{"allow":["GET"]}}],"collection":[{"href":"https:\/\/cocodiys.com\/fr\/wp-json\/wp\/v2\/product"}],"about":[{"href":"https:\/\/cocodiys.com\/fr\/wp-json\/wp\/v2\/types\/product"}],"replies":[{"embeddable":true,"href":"https:\/\/cocodiys.com\/fr\/wp-json\/wp\/v2\/comments?post=4972"}],"wp:featuredmedia":[{"embeddable":true,"href":"https:\/\/cocodiys.com\/fr\/wp-json\/wp\/v2\/media\/5281"}],"wp:attachment":[{"href":"https:\/\/cocodiys.com\/fr\/wp-json\/wp\/v2\/media?parent=4972"}],"wp:term":[{"taxonomy":"product_brand","embeddable":true,"href":"https:\/\/cocodiys.com\/fr\/wp-json\/wp\/v2\/product_brand?post=4972"},{"taxonomy":"product_cat","embeddable":true,"href":"https:\/\/cocodiys.com\/fr\/wp-json\/wp\/v2\/product_cat?post=4972"},{"taxonomy":"product_tag","embeddable":true,"href":"https:\/\/cocodiys.com\/fr\/wp-json\/wp\/v2\/product_tag?post=4972"}],"curies":[{"name":"wp","href":"https:\/\/api.w.org\/{rel}","templated":true}]}}