{"id":4976,"date":"2026-02-11T15:45:44","date_gmt":"2026-02-11T15:45:44","guid":{"rendered":"https:\/\/cocodiys.com\/product\/eye-print-skirt-set\/"},"modified":"2026-02-12T04:45:45","modified_gmt":"2026-02-12T04:45:45","slug":"eye-print-skirt-set","status":"publish","type":"product","link":"https:\/\/cocodiys.com\/fr\/produit\/eye-print-skirt-set\/","title":{"rendered":"Ensemble de jupes imprim\u00e9es (\u00e9chantillon)"},"content":{"rendered":"<p data-end=\"391\" data-start=\"94\">Rencontrez nos\u00a0<strong data-end=\"157\" data-start=\"103\">Ensemble jupe + bandeau imprim\u00e9 yeux<\/strong>, Cette tenue ludique, unique en son genre, a \u00e9t\u00e9 confectionn\u00e9e pour un d\u00e9fil\u00e9 de mode pass\u00e9 et n'a \u00e9t\u00e9 port\u00e9e qu'une seule fois lors d'une s\u00e9ance photo. Fabriqu\u00e9 \u00e0 partir d'un <strong data-end=\"317\" data-start=\"276\">spandex bleu fonc\u00e9 funky avec impression de globe oculaire<\/strong>, Cet ensemble est extensible, confortable et con\u00e7u pour s'adapter \u00e0 une taille petite\/moyenne.<\/p>\n<p data-end=\"567\" data-start=\"393\">Le look comprend<br data-end=\"414\" data-start=\"411\">\u2022 <strong data-end=\"447\" data-start=\"416\">Jupe circulaire \u00e0 ourlet asym\u00e9trique<\/strong> - fluide, flatteur et plein de mouvement<br data-end=\"492\" data-start=\"489\">\u2022 <strong data-end=\"518\" data-start=\"494\">Top bandeau \u00e0 nouer<\/strong> - enti\u00e8rement r\u00e9glable pour une taille flexible<\/p>\n<p data-end=\"729\" data-start=\"569\">Avec son imprim\u00e9 audacieux et sa coupe facile, cet ensemble est parfait pour les festivals, les pistes de danse, les s\u00e9ances photos, ou pour tous ceux qui aiment un peu de bizarrerie cosmique dans leur garde-robe.<\/p>\n<p data-end=\"943\" data-start=\"731\">Envie d'\u00e9toffer encore plus le look ? Nous avons encore du tissu suppl\u00e9mentaire pour les globes oculaires et nous pouvons cr\u00e9er une pi\u00e8ce compl\u00e9mentaire coordonn\u00e9e. <strong data-end=\"918\" data-start=\"866\">des manches de bras, un bandana ou un haut d'un autre style<\/strong> pour compl\u00e9ter votre tenue.<\/p>\n<p data-end=\"1106\" data-start=\"945\">Et si vous avez envie de vivre pleinement l'instant de l'appariement, nous avons \u00e9galement une <strong data-end=\"1073\" data-start=\"1008\">Manteau en fausse fourrure jaune r\u00e9agissant aux UV avec la m\u00eame doublure en forme de globe oculaire<\/strong> disponible dans une liste s\u00e9par\u00e9e.<\/p>\n<p data-is-only-node=\"\" data-is-last-node=\"\" data-end=\"1166\" data-start=\"1108\">Il s'agit d'un \u00e9chantillon unique - une fois qu'il est parti, il est parti !<\/p>\n<p data-is-only-node=\"\" data-is-last-node=\"\" data-end=\"1166\" data-start=\"1108\">(Pour r\u00e9f\u00e9rence de taille, le mod\u00e8le du photoshoot chausse du S\/M, le mod\u00e8le du d\u00e9fil\u00e9 chausse du XS)<\/p>","protected":false},"excerpt":{"rendered":"<p>Voici notre ensemble jupe et bandeau imprim\u00e9 yeux, un ensemble ludique et unique cr\u00e9\u00e9 pour un d\u00e9fil\u00e9 de mode pass\u00e9 et port\u00e9 une seule fois pour une s\u00e9ance photo. Fabriqu\u00e9 en spandex imprim\u00e9 \u0153il bleu fonc\u00e9, cet ensemble est extensible, confortable et con\u00e7u pour convenir \u00e0 une taille petite\/moyenne. Le look comprend:- Jupe circulaire \u00e0 ourlet asym\u00e9trique - fluide, flatteuse et...<\/p>","protected":false},"featured_media":5291,"comment_status":"open","ping_status":"closed","template":"","meta":{"_kad_blocks_custom_css":"","_kad_blocks_head_custom_js":"","_kad_blocks_body_custom_js":"","_kad_blocks_footer_custom_js":"","_kad_post_transparent":"","_kad_post_title":"","_kad_post_layout":"","_kad_post_sidebar_id":"","_kad_post_content_style":"","_kad_post_vertical_padding":"","_kad_post_feature":"","_kad_post_feature_position":"","_kad_post_header":false,"_kad_post_footer":false,"_kad_post_classname":""},"product_brand":[],"product_cat":[15],"product_tag":[],"class_list":{"0":"post-4976","1":"product","2":"type-product","3":"status-publish","4":"has-post-thumbnail","6":"product_cat-uncategorized","8":"first","9":"instock","10":"sale","11":"shipping-taxable","12":"purchasable","13":"product-type-simple","14":"entry","15":"content-bg","16":"loop-entry"},"taxonomy_info":{"product_cat":[{"value":15,"label":"Uncategorized"}]},"featured_image_src_large":["https:\/\/cocodiys.com\/wp-content\/uploads\/2026\/02\/eye_skirt_1-819x1024.jpg",819,1024,true],"author_info":[],"comment_info":0,"_links":{"self":[{"href":"https:\/\/cocodiys.com\/fr\/wp-json\/wp\/v2\/product\/4976","targetHints":{"allow":["GET"]}}],"collection":[{"href":"https:\/\/cocodiys.com\/fr\/wp-json\/wp\/v2\/product"}],"about":[{"href":"https:\/\/cocodiys.com\/fr\/wp-json\/wp\/v2\/types\/product"}],"replies":[{"embeddable":true,"href":"https:\/\/cocodiys.com\/fr\/wp-json\/wp\/v2\/comments?post=4976"}],"wp:featuredmedia":[{"embeddable":true,"href":"https:\/\/cocodiys.com\/fr\/wp-json\/wp\/v2\/media\/5291"}],"wp:attachment":[{"href":"https:\/\/cocodiys.com\/fr\/wp-json\/wp\/v2\/media?parent=4976"}],"wp:term":[{"taxonomy":"product_brand","embeddable":true,"href":"https:\/\/cocodiys.com\/fr\/wp-json\/wp\/v2\/product_brand?post=4976"},{"taxonomy":"product_cat","embeddable":true,"href":"https:\/\/cocodiys.com\/fr\/wp-json\/wp\/v2\/product_cat?post=4976"},{"taxonomy":"product_tag","embeddable":true,"href":"https:\/\/cocodiys.com\/fr\/wp-json\/wp\/v2\/product_tag?post=4976"}],"curies":[{"name":"wp","href":"https:\/\/api.w.org\/{rel}","templated":true}]}}