{"id":4977,"date":"2026-02-11T15:45:44","date_gmt":"2026-02-11T15:45:44","guid":{"rendered":"https:\/\/cocodiys.com\/product\/iridescent-skirt\/"},"modified":"2026-02-12T09:33:43","modified_gmt":"2026-02-12T09:33:43","slug":"iridescent-skirt","status":"publish","type":"product","link":"https:\/\/cocodiys.com\/fr\/produit\/iridescent-skirt\/","title":{"rendered":"Minijupe iris\u00e9e et top bandeau cage (\u00e9chantillon)"},"content":{"rendered":"<div>\n<div>Servez une \u00e9nergie audacieuse et iris\u00e9e avec cet ensemble mini-jupe et bandeau cage, cr\u00e9\u00e9 \u00e0 l'origine pour l'un de nos d\u00e9fil\u00e9s de mode et r\u00e9alis\u00e9 en tant qu'\u00e9chantillon unique en taille XS.<\/div>\n<div>Le haut bandeau cage est fabriqu\u00e9 \u00e0 partir d'un tissu de compression de haute qualit\u00e9 pour un maintien ferme et sculpt\u00e9. Il est dot\u00e9 d'un dos \u00e0 lacets qui permet d'ajuster le soutien. \u00c9l\u00e9gant, structur\u00e9 et con\u00e7u pour rester en place pendant que vous bougez.<\/div>\n<div>La mini-jupe taille haute assortie est douce, extensible et confortable. Elle est orn\u00e9e d'un patchwork de velours iris\u00e9 sur le devant, con\u00e7u pour se coordonner parfaitement avec notre veste de plumeau iris\u00e9e.<\/div>\n<div>Vous voulez le v\u00f4tre ? Demandez un Bandeau Cage sur mesure !<\/div>\n<div>Nous proposons \u00e9galement une variante de Bralette Cage avec bretelles dans une liste s\u00e9par\u00e9e.<\/div>\n<div>Faits \u00e0 la main, uniques et approuv\u00e9s par les d\u00e9fil\u00e9s.<\/div>\n<\/div>","protected":false},"excerpt":{"rendered":"<p>Servez une \u00e9nergie audacieuse et iris\u00e9e avec cet ensemble mini-jupe et bandeau cage, cr\u00e9\u00e9 \u00e0 l'origine pour l'un de nos d\u00e9fil\u00e9s de mode et r\u00e9alis\u00e9 en tant qu'\u00e9chantillon unique en taille XS. Le haut bandeau cage est fabriqu\u00e9 dans un tissu de compression de haute qualit\u00e9 pour une coupe ferme et sculpt\u00e9e. Il est dot\u00e9 d'un dos \u00e0 lacets qui permet de l'ajuster pour que vous puissiez...<\/p>","protected":false},"featured_media":5300,"comment_status":"open","ping_status":"closed","template":"","meta":{"_kad_blocks_custom_css":"","_kad_blocks_head_custom_js":"","_kad_blocks_body_custom_js":"","_kad_blocks_footer_custom_js":"","_kad_post_transparent":"default","_kad_post_title":"","_kad_post_layout":"default","_kad_post_sidebar_id":"","_kad_post_content_style":"default","_kad_post_vertical_padding":"default","_kad_post_feature":"","_kad_post_feature_position":"","_kad_post_header":false,"_kad_post_footer":false,"_kad_post_classname":""},"product_brand":[],"product_cat":[15],"product_tag":[],"class_list":{"0":"post-4977","1":"product","2":"type-product","3":"status-publish","4":"has-post-thumbnail","6":"product_cat-uncategorized","8":"first","9":"instock","10":"sale","11":"shipping-taxable","12":"purchasable","13":"product-type-simple","14":"entry","15":"content-bg","16":"loop-entry"},"taxonomy_info":{"product_cat":[{"value":15,"label":"Uncategorized"}]},"featured_image_src_large":["https:\/\/cocodiys.com\/wp-content\/uploads\/2026\/02\/2024-07-21_12_47_58.988-0600_2-577x1024.jpg",577,1024,true],"author_info":[],"comment_info":0,"_links":{"self":[{"href":"https:\/\/cocodiys.com\/fr\/wp-json\/wp\/v2\/product\/4977","targetHints":{"allow":["GET"]}}],"collection":[{"href":"https:\/\/cocodiys.com\/fr\/wp-json\/wp\/v2\/product"}],"about":[{"href":"https:\/\/cocodiys.com\/fr\/wp-json\/wp\/v2\/types\/product"}],"replies":[{"embeddable":true,"href":"https:\/\/cocodiys.com\/fr\/wp-json\/wp\/v2\/comments?post=4977"}],"wp:featuredmedia":[{"embeddable":true,"href":"https:\/\/cocodiys.com\/fr\/wp-json\/wp\/v2\/media\/5300"}],"wp:attachment":[{"href":"https:\/\/cocodiys.com\/fr\/wp-json\/wp\/v2\/media?parent=4977"}],"wp:term":[{"taxonomy":"product_brand","embeddable":true,"href":"https:\/\/cocodiys.com\/fr\/wp-json\/wp\/v2\/product_brand?post=4977"},{"taxonomy":"product_cat","embeddable":true,"href":"https:\/\/cocodiys.com\/fr\/wp-json\/wp\/v2\/product_cat?post=4977"},{"taxonomy":"product_tag","embeddable":true,"href":"https:\/\/cocodiys.com\/fr\/wp-json\/wp\/v2\/product_tag?post=4977"}],"curies":[{"name":"wp","href":"https:\/\/api.w.org\/{rel}","templated":true}]}}