{"id":4978,"date":"2026-02-11T15:45:44","date_gmt":"2026-02-11T15:45:44","guid":{"rendered":"https:\/\/cocodiys.com\/product\/iridescent-duster\/"},"modified":"2026-02-12T04:45:44","modified_gmt":"2026-02-12T04:45:44","slug":"iridescent-duster","status":"publish","type":"product","link":"https:\/\/cocodiys.com\/fr\/produit\/iridescent-duster\/","title":{"rendered":"Doudoune en velours patchwork iris\u00e9 (\u00e9chantillon)"},"content":{"rendered":"<p data-start=\"135\" data-end=\"495\">Faites votre entr\u00e9e dans ce duster iris\u00e9 sur toute la longueur, une v\u00e9ritable pi\u00e8ce d'apparat con\u00e7ue pour un impact maximal. Con\u00e7ue en taille femelle S, cette veste sans manches est orn\u00e9e d'un superbe patchwork de velours qui change de couleur \u00e0 chaque pas. Le look est compl\u00e9t\u00e9 par une luxueuse fausse fourrure noire et une doublure en satin noir lisse pour le confort et l'effet.<\/p>\n<p data-start=\"497\" data-end=\"739\">La capuche surdimensionn\u00e9e ajoute une dose suppl\u00e9mentaire de magie, tandis que deux poches ext\u00e9rieures permettent de garder l'essentiel \u00e0 port\u00e9e de main. Mesurant 49\u2033 de la nuque \u00e0 l'ourlet, ce v\u00eatement est d'une grande fluidit\u00e9 et apporte de l'\u00e9nergie \u00e0 n'importe quel festival, rave ou soir\u00e9e.<\/p>\n<p data-start=\"741\" data-end=\"820\">Vous souhaitez cr\u00e9er une ambiance compl\u00e8te ? Associez-le \u00e0 nos pi\u00e8ces coordonn\u00e9es :<\/p>\n<ul data-start=\"822\" data-end=\"906\">\n<li data-start=\"822\" data-end=\"855\">\n<p data-start=\"824\" data-end=\"855\"><a rel=\"noopener\" href=\"https:\/\/chromatiicat.com\/products\/iridescent-skirt\" target=\"_blank\"><strong data-start=\"824\" data-end=\"853\">XS Set noir et iris\u00e9<\/strong><\/a><\/p>\n<\/li>\n<li data-start=\"856\" data-end=\"906\">\n<p data-start=\"858\" data-end=\"906\"><a href=\"https:\/\/chromatiicat.com\/products\/cage-bralette\" rel=\"noopener\" target=\"_blank\"><strong data-start=\"858\" data-end=\"906\">Bralette Cage<\/strong><\/a><\/p>\n<\/li>\n<li data-start=\"856\" data-end=\"906\"><a rel=\"noopener\" href=\"https:\/\/chromatiicat.com\/products\/large-sequin-earrings\" target=\"_blank\"><strong data-start=\"858\" data-end=\"906\">Boucles d'oreilles \u00e0 paillettes iris\u00e9es<\/strong><\/a><\/li>\n<\/ul>\n<p data-start=\"908\" data-end=\"988\" data-is-last-node=\"\" data-is-only-node=\"\">Fabriqu\u00e9 \u00e0 la main, audacieux et incontournable, ce plumeau est pr\u00eat \u00e0 \u00eatre mis en valeur.<\/p>\n<p>Vous aimez ce mod\u00e8le mais vous cherchez une autre taille\/couleur ? <a href=\"https:\/\/chromatiicat.com\/pages\/contact\" rel=\"noopener\" target=\"_blank\">Prenez contact avec nous<\/a> pour cr\u00e9er votre propre plumeau personnalis\u00e9 !<\/p>","protected":false},"excerpt":{"rendered":"<p>Faites votre entr\u00e9e dans ce duster iris\u00e9 sur toute la longueur, une v\u00e9ritable pi\u00e8ce d'apparat con\u00e7ue pour un impact maximal. Con\u00e7ue dans une taille S f\u00e9minine, cette veste sans manches est dot\u00e9e d'un superbe velours patchwork qui change de couleur \u00e0 chaque pas. Le look est compl\u00e9t\u00e9 par une luxueuse fausse fourrure noire et une doublure en satin noir lisse pour...<\/p>","protected":false},"featured_media":5305,"comment_status":"open","ping_status":"closed","template":"","meta":{"_kad_blocks_custom_css":"","_kad_blocks_head_custom_js":"","_kad_blocks_body_custom_js":"","_kad_blocks_footer_custom_js":"","_kad_post_transparent":"","_kad_post_title":"","_kad_post_layout":"","_kad_post_sidebar_id":"","_kad_post_content_style":"","_kad_post_vertical_padding":"","_kad_post_feature":"","_kad_post_feature_position":"","_kad_post_header":false,"_kad_post_footer":false,"_kad_post_classname":""},"product_brand":[],"product_cat":[15],"product_tag":[],"class_list":{"0":"post-4978","1":"product","2":"type-product","3":"status-publish","4":"has-post-thumbnail","6":"product_cat-uncategorized","8":"first","9":"instock","10":"sale","11":"shipping-taxable","12":"purchasable","13":"product-type-simple","14":"entry","15":"content-bg","16":"loop-entry"},"taxonomy_info":{"product_cat":[{"value":15,"label":"Uncategorized"}]},"featured_image_src_large":["https:\/\/cocodiys.com\/wp-content\/uploads\/2026\/02\/20251117_155156_2-621x1024.jpg",621,1024,true],"author_info":[],"comment_info":0,"_links":{"self":[{"href":"https:\/\/cocodiys.com\/fr\/wp-json\/wp\/v2\/product\/4978","targetHints":{"allow":["GET"]}}],"collection":[{"href":"https:\/\/cocodiys.com\/fr\/wp-json\/wp\/v2\/product"}],"about":[{"href":"https:\/\/cocodiys.com\/fr\/wp-json\/wp\/v2\/types\/product"}],"replies":[{"embeddable":true,"href":"https:\/\/cocodiys.com\/fr\/wp-json\/wp\/v2\/comments?post=4978"}],"wp:featuredmedia":[{"embeddable":true,"href":"https:\/\/cocodiys.com\/fr\/wp-json\/wp\/v2\/media\/5305"}],"wp:attachment":[{"href":"https:\/\/cocodiys.com\/fr\/wp-json\/wp\/v2\/media?parent=4978"}],"wp:term":[{"taxonomy":"product_brand","embeddable":true,"href":"https:\/\/cocodiys.com\/fr\/wp-json\/wp\/v2\/product_brand?post=4978"},{"taxonomy":"product_cat","embeddable":true,"href":"https:\/\/cocodiys.com\/fr\/wp-json\/wp\/v2\/product_cat?post=4978"},{"taxonomy":"product_tag","embeddable":true,"href":"https:\/\/cocodiys.com\/fr\/wp-json\/wp\/v2\/product_tag?post=4978"}],"curies":[{"name":"wp","href":"https:\/\/api.w.org\/{rel}","templated":true}]}}