{"id":4979,"date":"2026-02-11T15:45:48","date_gmt":"2026-02-11T15:45:48","guid":{"rendered":"https:\/\/cocodiys.com\/product\/led-bucket-hat\/"},"modified":"2026-02-12T04:45:44","modified_gmt":"2026-02-12T04:45:44","slug":"led-bucket-hat","status":"publish","type":"product","link":"https:\/\/cocodiys.com\/fr\/produit\/led-bucket-hat\/","title":{"rendered":"Chapeau Bucket en fausse fourrure LED"},"content":{"rendered":"<p>Compl\u00e9tez votre tenue de f\u00eate et illuminez la nuit avec nos chapeaux baquets en fausse fourrure \u00e0 LED. Ce chapeau fabriqu\u00e9 sur commande est \u00e0 la crois\u00e9e du douillet et du cosmique - fabriqu\u00e9 \u00e0 la main avec la fausse fourrure de votre choix et \u00e9quip\u00e9 de LED contr\u00f4l\u00e9es par smartphone. Ajoutez encore plus de personnalit\u00e9 en ajoutant des oreilles d'animaux !\u00a0<\/p>\n<p><strong>La fourrure qui brille le plus :<\/strong><br \/>Les LED brillent le plus \u00e0 travers la fausse fourrure blanche ou \u00e0 base de blanc. Choisissez parmi :<br \/>- Fourrure blanche\u00a0<br \/>- Base blanche avec des pointes color\u00e9es en : Noir, gris, rose, aqua, lavande, violet ou ambre<\/p>\n<p><strong>Tout sur les lumi\u00e8res :<\/strong><br \/>Contr\u00f4lez facilement votre \u00e9clat \u00e0 l'aide d'une application pour smartphone : personnalisez les couleurs, les motifs, la luminosit\u00e9, la vitesse et synchronisez m\u00eame les lumi\u00e8res avec la musique. Une autre fonction amusante de nos v\u00eatements LED est la synchronisation de groupe - toutes les cr\u00e9ations Chromatiicat peuvent \u00eatre reli\u00e9es entre elles pour un look de groupe enti\u00e8rement synchronis\u00e9 qui illumine la nuit.<\/p>\n<p>Chaque chapeau comprend des diodes \u00e9lectroluminescentes \u00e9tanches (oui, il est lavable \u00e0 la main !) et une petite poche zipp\u00e9e dans le bord arri\u00e8re pour la batterie rechargeable afin que vous puissiez continuer \u00e0 briller jusqu'au lever du soleil. Pour des instructions d'entretien plus d\u00e9taill\u00e9es, veuillez consulter notre page FAQ. <a href=\"https:\/\/chromatiicat.com\/pages\/faq\" title=\"Page FAQ\" rel=\"noopener\" target=\"_blank\">ici<\/a>.\u00a0<\/p>\n<p><strong>Guide des tailles :<\/strong><br \/>- Petit\/enfant : Tour de t\u00eate 20-21\u2033.\u00a0<br \/>- Moyen : Tour de t\u00eate 21-22\u2033.<br \/>- Grand : Tour de t\u00eate 23-24\u2033.<br \/>- Tr\u00e8s grand : Tour de t\u00eate <span>24-25\u2033<\/span><\/p>\n<p>Si vous \u00eates entre deux tailles, nous vous recommandons de prendre la taille sup\u00e9rieure. Pour les tailles plus petites ou plus grandes que celles indiqu\u00e9es ci-dessus, <a href=\"https:\/\/chromatiicat.com\/pages\/contact\" title=\"Contactez nous\" rel=\"noopener\" target=\"_blank\">envoyez-nous un message<\/a> et nous ferons de notre mieux pour vous satisfaire !<\/p>","protected":false},"excerpt":{"rendered":"<p>Compl\u00e9tez votre tenue de f\u00eate et illuminez la nuit avec nos chapeaux baquets en fausse fourrure \u00e0 LED. Ce chapeau fabriqu\u00e9 sur commande est \u00e0 la crois\u00e9e du douillet et du cosmique - fabriqu\u00e9 \u00e0 la main avec la fausse fourrure de votre choix et \u00e9quip\u00e9 de LED contr\u00f4l\u00e9es par smartphone. Ajoutez encore plus de personnalit\u00e9 en ajoutant des oreilles d'animaux !  La fourrure qui brille le plus:Les LED brillent le plus...<\/p>","protected":false},"featured_media":5310,"comment_status":"open","ping_status":"closed","template":"","meta":{"_kad_blocks_custom_css":"","_kad_blocks_head_custom_js":"","_kad_blocks_body_custom_js":"","_kad_blocks_footer_custom_js":"","_kad_post_transparent":"","_kad_post_title":"","_kad_post_layout":"","_kad_post_sidebar_id":"","_kad_post_content_style":"","_kad_post_vertical_padding":"","_kad_post_feature":"","_kad_post_feature_position":"","_kad_post_header":false,"_kad_post_footer":false,"_kad_post_classname":""},"product_brand":[],"product_cat":[15],"product_tag":[],"class_list":{"0":"post-4979","1":"product","2":"type-product","3":"status-publish","4":"has-post-thumbnail","6":"product_cat-uncategorized","8":"first","9":"instock","10":"shipping-taxable","11":"purchasable","12":"product-type-variable","13":"entry","14":"content-bg","15":"loop-entry"},"taxonomy_info":{"product_cat":[{"value":15,"label":"Uncategorized"}]},"featured_image_src_large":["https:\/\/cocodiys.com\/wp-content\/uploads\/2026\/02\/LED-Bucket-Hat-Males-1024x1024.jpg",1024,1024,true],"author_info":[],"comment_info":0,"_links":{"self":[{"href":"https:\/\/cocodiys.com\/fr\/wp-json\/wp\/v2\/product\/4979","targetHints":{"allow":["GET"]}}],"collection":[{"href":"https:\/\/cocodiys.com\/fr\/wp-json\/wp\/v2\/product"}],"about":[{"href":"https:\/\/cocodiys.com\/fr\/wp-json\/wp\/v2\/types\/product"}],"replies":[{"embeddable":true,"href":"https:\/\/cocodiys.com\/fr\/wp-json\/wp\/v2\/comments?post=4979"}],"wp:featuredmedia":[{"embeddable":true,"href":"https:\/\/cocodiys.com\/fr\/wp-json\/wp\/v2\/media\/5310"}],"wp:attachment":[{"href":"https:\/\/cocodiys.com\/fr\/wp-json\/wp\/v2\/media?parent=4979"}],"wp:term":[{"taxonomy":"product_brand","embeddable":true,"href":"https:\/\/cocodiys.com\/fr\/wp-json\/wp\/v2\/product_brand?post=4979"},{"taxonomy":"product_cat","embeddable":true,"href":"https:\/\/cocodiys.com\/fr\/wp-json\/wp\/v2\/product_cat?post=4979"},{"taxonomy":"product_tag","embeddable":true,"href":"https:\/\/cocodiys.com\/fr\/wp-json\/wp\/v2\/product_tag?post=4979"}],"curies":[{"name":"wp","href":"https:\/\/api.w.org\/{rel}","templated":true}]}}