{"id":5069,"date":"2026-02-11T15:45:52","date_gmt":"2026-02-11T15:45:52","guid":{"rendered":"https:\/\/cocodiys.com\/product\/led-glow-worm\/"},"modified":"2026-02-12T09:48:35","modified_gmt":"2026-02-12T09:48:35","slug":"led-glow-worm","status":"publish","type":"product","link":"https:\/\/cocodiys.com\/fr\/produit\/led-glow-worm\/","title":{"rendered":"Ver lumineux LED"},"content":{"rendered":"<p>Rehaussez votre look de festival ou de rave avec une pi\u00e8ce qui brille ! Le ver lumineux LED combine une fausse fourrure douillette avec des lumi\u00e8res LED sur toute la surface pour cr\u00e9er un spectacle lumineux accrocheur et portable qui convient \u00e0 tout le monde.<\/p>\n<p><strong>Choisissez votre style :<\/strong><br \/>\n- Ver lumineux en peluche : ~Environ 1,5 m de long, dodu, mou et ultra c\u00e2lin.<br \/>\n- Ver lumineux de base : ~Environ 1,5 m de long, assez plat pour une apparence plus \u00e9l\u00e9gante.<\/p>\n<p><strong>La fourrure qui brille le plus :<\/strong><br \/>\nLes LED brillent le plus \u00e0 travers la fausse fourrure blanche ou \u00e0 base de blanc. Choisissez parmi :<br \/>\n- Diff\u00e9rents styles de fourrure blanche<br \/>\n- Base blanche avec des pointes color\u00e9es en : Noir, gris, rose, aqua, lavande, violet ou ambre<\/p>\n<p><strong>Tout sur les lumi\u00e8res :<\/strong><br \/>\nContr\u00f4lez facilement votre \u00e9clat \u00e0 l'aide d'une application pour smartphone : personnalisez les couleurs, les motifs, la luminosit\u00e9, la vitesse et synchronisez m\u00eame les lumi\u00e8res avec la musique. Une autre fonction amusante de nos v\u00eatements LED est la synchronisation de groupe - toutes les cr\u00e9ations LED Chromatiicat peuvent \u00eatre reli\u00e9es entre elles pour un look de groupe enti\u00e8rement synchronis\u00e9 qui illumine la nuit.<\/p>\n<p>Chaque ver luisant est \u00e9quip\u00e9 de LED \u00e9tanches (oui, il peut \u00eatre lav\u00e9 \u00e0 la main !) et d'une poche pour la batterie rechargeable afin que vous puissiez continuer \u00e0 briller jusqu'au lever du soleil. Pour des instructions d'entretien plus d\u00e9taill\u00e9es, veuillez consulter notre page FAQ ici.<\/p>","protected":false},"excerpt":{"rendered":"<p>Rehaussez votre look de festival ou de rave avec une pi\u00e8ce qui brille ! Le ver luisant \u00e0 LED associe une fausse fourrure douillette \u00e0 des lumi\u00e8res LED sur toute la surface pour cr\u00e9er un spectacle lumineux accrocheur et portable qui convient \u00e0 tout le monde. Choisissez votre style : - Ver lumineux en peluche : ~Environ 1,5 m de long, dodu, moelleux et ultra c\u00e2lin - Ver lumineux...<\/p>","protected":false},"featured_media":5325,"comment_status":"open","ping_status":"closed","template":"","meta":{"_kad_blocks_custom_css":"","_kad_blocks_head_custom_js":"","_kad_blocks_body_custom_js":"","_kad_blocks_footer_custom_js":"","_kad_post_transparent":"default","_kad_post_title":"","_kad_post_layout":"default","_kad_post_sidebar_id":"","_kad_post_content_style":"default","_kad_post_vertical_padding":"default","_kad_post_feature":"","_kad_post_feature_position":"","_kad_post_header":false,"_kad_post_footer":false,"_kad_post_classname":""},"product_brand":[],"product_cat":[15],"product_tag":[],"class_list":{"0":"post-5069","1":"product","2":"type-product","3":"status-publish","4":"has-post-thumbnail","6":"product_cat-uncategorized","8":"first","9":"instock","10":"shipping-taxable","11":"purchasable","12":"product-type-variable","13":"entry","14":"content-bg","15":"loop-entry"},"taxonomy_info":{"product_cat":[{"value":15,"label":"Uncategorized"}]},"featured_image_src_large":["https:\/\/cocodiys.com\/wp-content\/uploads\/2026\/02\/LED_Plush_Glow_Worm-1024x1024.jpg",1024,1024,true],"author_info":[],"comment_info":0,"_links":{"self":[{"href":"https:\/\/cocodiys.com\/fr\/wp-json\/wp\/v2\/product\/5069","targetHints":{"allow":["GET"]}}],"collection":[{"href":"https:\/\/cocodiys.com\/fr\/wp-json\/wp\/v2\/product"}],"about":[{"href":"https:\/\/cocodiys.com\/fr\/wp-json\/wp\/v2\/types\/product"}],"replies":[{"embeddable":true,"href":"https:\/\/cocodiys.com\/fr\/wp-json\/wp\/v2\/comments?post=5069"}],"wp:featuredmedia":[{"embeddable":true,"href":"https:\/\/cocodiys.com\/fr\/wp-json\/wp\/v2\/media\/5325"}],"wp:attachment":[{"href":"https:\/\/cocodiys.com\/fr\/wp-json\/wp\/v2\/media?parent=5069"}],"wp:term":[{"taxonomy":"product_brand","embeddable":true,"href":"https:\/\/cocodiys.com\/fr\/wp-json\/wp\/v2\/product_brand?post=5069"},{"taxonomy":"product_cat","embeddable":true,"href":"https:\/\/cocodiys.com\/fr\/wp-json\/wp\/v2\/product_cat?post=5069"},{"taxonomy":"product_tag","embeddable":true,"href":"https:\/\/cocodiys.com\/fr\/wp-json\/wp\/v2\/product_tag?post=5069"}],"curies":[{"name":"wp","href":"https:\/\/api.w.org\/{rel}","templated":true}]}}