{"id":5100,"date":"2026-02-11T15:45:55","date_gmt":"2026-02-11T15:45:55","guid":{"rendered":"https:\/\/cocodiys.com\/product\/led-tail\/"},"modified":"2026-02-12T09:57:39","modified_gmt":"2026-02-12T09:57:39","slug":"led-tail","status":"publish","type":"product","link":"https:\/\/cocodiys.com\/fr\/produit\/led-tail\/","title":{"rendered":"LED Tail"},"content":{"rendered":"<p>Illuminez la pi\u00e8ce et donnez vie \u00e0 votre tenue avec une queue LED en fausse fourrure personnalis\u00e9e, faite juste pour vous. Que vous alliez \u00e0 un festival, que vous accessoirisiez un cosplay ou que vous donniez de l'allure \u00e0 votre fursona, nos queues sont con\u00e7ues pour correspondre \u00e0 votre vision unique.<\/p>\n<p>Chaque queue est fabriqu\u00e9e sur commande et enti\u00e8rement personnalisable. Veuillez indiquer vos pr\u00e9f\u00e9rences en mati\u00e8re de couleur de fausse fourrure dans les notes de personnalisation. Sinon, Chromatiicat vous contactera d\u00e8s r\u00e9ception de votre commande pour vous aider \u00e0 cr\u00e9er la queue LED de vos r\u00eaves.<\/p>\n<p><strong>Choisissez votre style et votre taille :<\/strong><br \/>\n- Forme de base : Droite avec un effilement subtil<br \/>\n- Forme dynamique : Dessins courb\u00e9s, en forme de vagues ou stylis\u00e9s<br \/>\n- Grande taille : Recommand\u00e9 pour les queues de plus de 16\u2033 ou avec plus de duvet.<\/p>\n<p>Veuillez noter que les queues sont munies d'une boucle permettant de les attacher \u00e0 une ceinture ou \u00e0 un costume - la ceinture n'est pas incluse.<\/p>\n<p><strong>La fourrure qui brille le plus :<\/strong><br \/>\nLes LED brillent le plus \u00e0 travers la fausse fourrure blanche ou \u00e0 base de blanc. Choisissez parmi :<br \/>\n- Diff\u00e9rents styles de fourrure blanche<br \/>\n- Base blanche avec des pointes color\u00e9es en : Noir, gris, rose, aqua, lavande, violet ou ambre<\/p>\n<p><strong>Tout sur les lumi\u00e8res :<\/strong><br \/>\nContr\u00f4lez facilement votre \u00e9clat \u00e0 l'aide d'une application pour smartphone : personnalisez les couleurs, les motifs, la luminosit\u00e9, la vitesse et synchronisez m\u00eame les lumi\u00e8res avec la musique. Une autre fonction amusante de nos v\u00eatements LED est la synchronisation de groupe ! Toutes les cr\u00e9ations LED Chromatiicat peuvent \u00eatre synchronis\u00e9es pour cr\u00e9er des tenues de groupe parfaites.<\/p>\n<p>Chaque queue comprend des diodes \u00e9lectroluminescentes \u00e9tanches (oui, elle est lavable \u00e0 la main !) et une petite pochette zipp\u00e9e pour la batterie rechargeable. Pour des instructions d'entretien plus d\u00e9taill\u00e9es, veuillez consulter notre page FAQ ici.<\/p>","protected":false},"excerpt":{"rendered":"<p>Illuminez la pi\u00e8ce et donnez vie \u00e0 votre tenue avec une queue LED en fausse fourrure personnalis\u00e9e, faite juste pour vous. Que vous alliez \u00e0 un festival, que vous accessoirisiez un cosplay ou que vous donniez du style \u00e0 votre fursona, nos queues sont con\u00e7ues pour correspondre \u00e0 votre vision unique. Chaque queue est fabriqu\u00e9e sur commande et enti\u00e8rement personnalisable. S'il vous pla\u00eet...<\/p>","protected":false},"featured_media":5340,"comment_status":"open","ping_status":"closed","template":"","meta":{"_kad_blocks_custom_css":"","_kad_blocks_head_custom_js":"","_kad_blocks_body_custom_js":"","_kad_blocks_footer_custom_js":"","_kad_post_transparent":"default","_kad_post_title":"","_kad_post_layout":"default","_kad_post_sidebar_id":"","_kad_post_content_style":"default","_kad_post_vertical_padding":"default","_kad_post_feature":"","_kad_post_feature_position":"","_kad_post_header":false,"_kad_post_footer":false,"_kad_post_classname":""},"product_brand":[],"product_cat":[15],"product_tag":[],"class_list":{"0":"post-5100","1":"product","2":"type-product","3":"status-publish","4":"has-post-thumbnail","6":"product_cat-uncategorized","8":"first","9":"instock","10":"shipping-taxable","11":"purchasable","12":"product-type-variable","13":"entry","14":"content-bg","15":"loop-entry"},"taxonomy_info":{"product_cat":[{"value":15,"label":"Uncategorized"}]},"featured_image_src_large":["https:\/\/cocodiys.com\/wp-content\/uploads\/2026\/02\/Long-Dynamic-LED_Tail-1024x1024.jpg",1024,1024,true],"author_info":[],"comment_info":0,"_links":{"self":[{"href":"https:\/\/cocodiys.com\/fr\/wp-json\/wp\/v2\/product\/5100","targetHints":{"allow":["GET"]}}],"collection":[{"href":"https:\/\/cocodiys.com\/fr\/wp-json\/wp\/v2\/product"}],"about":[{"href":"https:\/\/cocodiys.com\/fr\/wp-json\/wp\/v2\/types\/product"}],"replies":[{"embeddable":true,"href":"https:\/\/cocodiys.com\/fr\/wp-json\/wp\/v2\/comments?post=5100"}],"wp:featuredmedia":[{"embeddable":true,"href":"https:\/\/cocodiys.com\/fr\/wp-json\/wp\/v2\/media\/5340"}],"wp:attachment":[{"href":"https:\/\/cocodiys.com\/fr\/wp-json\/wp\/v2\/media?parent=5100"}],"wp:term":[{"taxonomy":"product_brand","embeddable":true,"href":"https:\/\/cocodiys.com\/fr\/wp-json\/wp\/v2\/product_brand?post=5100"},{"taxonomy":"product_cat","embeddable":true,"href":"https:\/\/cocodiys.com\/fr\/wp-json\/wp\/v2\/product_cat?post=5100"},{"taxonomy":"product_tag","embeddable":true,"href":"https:\/\/cocodiys.com\/fr\/wp-json\/wp\/v2\/product_tag?post=5100"}],"curies":[{"name":"wp","href":"https:\/\/api.w.org\/{rel}","templated":true}]}}