{"id":5105,"date":"2026-02-11T15:45:55","date_gmt":"2026-02-11T15:45:55","guid":{"rendered":"https:\/\/cocodiys.com\/product\/pink-hood-fluffies-set\/"},"modified":"2026-02-12T09:55:22","modified_gmt":"2026-02-12T09:55:22","slug":"pink-hood-fluffies-set","status":"publish","type":"product","link":"https:\/\/cocodiys.com\/fr\/produit\/pink-hood-fluffies-set\/","title":{"rendered":"Kit capuche et peluches roses (\u00e9chantillon)"},"content":{"rendered":"<p data-end=\"475\" data-start=\"195\">Ajoutez une touche de mignonnerie suppl\u00e9mentaire \u00e0 votre prochaine tenue de rave avec cet ensemble capuche en fausse fourrure rose bubblegum et fluffies assortis - cr\u00e9\u00e9 \u00e0 l'origine pour l'un de nos d\u00e9fil\u00e9s de mode et port\u00e9 une seule fois sur la piste. Doux, moelleux et incroyablement mignon, ce duo est fait pour apporter un maximum de joie \u00e0 tout festival ou rave look.<\/p>\n<p data-end=\"794\" data-start=\"477\">La capuche est fabriqu\u00e9e en fausse fourrure rose bubblegum et doubl\u00e9e d'un tissu rose scintillant pour un peu plus de magie. Elle est dot\u00e9e d'adorables oreilles d'animaux et d'un fermoir sur le devant pour que vous puissiez la porter vers le haut ou vers le bas. Les couvre-bottes en fausse fourrure assortis compl\u00e8tent le look avec une finition parfaitement duveteuse.<\/p>\n<p data-end=\"910\" data-start=\"796\">Associez-le \u00e0 notre ensemble rose \u00e9tincelant de haut et de jupe pour un look \u00e0 couper le souffle.<\/p>\n<p data-is-only-node=\"\" data-is-last-node=\"\" data-end=\"991\" data-start=\"912\">Une pi\u00e8ce unique rare - fabriqu\u00e9e \u00e0 la main, test\u00e9e sur les podiums et pr\u00eate pour la prochaine aventure.<\/p>","protected":false},"excerpt":{"rendered":"<p>Ajoutez une touche de mignonnerie suppl\u00e9mentaire \u00e0 votre prochaine tenue de rave avec cet ensemble capuche en fausse fourrure rose bubblegum et fluffies assortis - cr\u00e9\u00e9 \u00e0 l'origine pour l'un de nos d\u00e9fil\u00e9s de mode et port\u00e9 une seule fois sur la piste. Doux, moelleux et incroyablement mignon, ce duo est fait pour apporter un maximum de joie \u00e0 n'importe quel festival ou rave...<\/p>","protected":false},"featured_media":5360,"comment_status":"open","ping_status":"closed","template":"","meta":{"_kad_blocks_custom_css":"","_kad_blocks_head_custom_js":"","_kad_blocks_body_custom_js":"","_kad_blocks_footer_custom_js":"","_kad_post_transparent":"default","_kad_post_title":"","_kad_post_layout":"default","_kad_post_sidebar_id":"","_kad_post_content_style":"default","_kad_post_vertical_padding":"default","_kad_post_feature":"","_kad_post_feature_position":"","_kad_post_header":false,"_kad_post_footer":false,"_kad_post_classname":""},"product_brand":[],"product_cat":[15],"product_tag":[],"class_list":{"0":"post-5105","1":"product","2":"type-product","3":"status-publish","4":"has-post-thumbnail","6":"product_cat-uncategorized","8":"first","9":"instock","10":"sale","11":"shipping-taxable","12":"purchasable","13":"product-type-simple","14":"entry","15":"content-bg","16":"loop-entry"},"taxonomy_info":{"product_cat":[{"value":15,"label":"Uncategorized"}]},"featured_image_src_large":["https:\/\/cocodiys.com\/wp-content\/uploads\/2026\/02\/Chromatiicat-34-681x1024.jpg",681,1024,true],"author_info":[],"comment_info":0,"_links":{"self":[{"href":"https:\/\/cocodiys.com\/fr\/wp-json\/wp\/v2\/product\/5105","targetHints":{"allow":["GET"]}}],"collection":[{"href":"https:\/\/cocodiys.com\/fr\/wp-json\/wp\/v2\/product"}],"about":[{"href":"https:\/\/cocodiys.com\/fr\/wp-json\/wp\/v2\/types\/product"}],"replies":[{"embeddable":true,"href":"https:\/\/cocodiys.com\/fr\/wp-json\/wp\/v2\/comments?post=5105"}],"wp:featuredmedia":[{"embeddable":true,"href":"https:\/\/cocodiys.com\/fr\/wp-json\/wp\/v2\/media\/5360"}],"wp:attachment":[{"href":"https:\/\/cocodiys.com\/fr\/wp-json\/wp\/v2\/media?parent=5105"}],"wp:term":[{"taxonomy":"product_brand","embeddable":true,"href":"https:\/\/cocodiys.com\/fr\/wp-json\/wp\/v2\/product_brand?post=5105"},{"taxonomy":"product_cat","embeddable":true,"href":"https:\/\/cocodiys.com\/fr\/wp-json\/wp\/v2\/product_cat?post=5105"},{"taxonomy":"product_tag","embeddable":true,"href":"https:\/\/cocodiys.com\/fr\/wp-json\/wp\/v2\/product_tag?post=5105"}],"curies":[{"name":"wp","href":"https:\/\/api.w.org\/{rel}","templated":true}]}}