{"id":5106,"date":"2026-02-11T15:45:55","date_gmt":"2026-02-11T15:45:55","guid":{"rendered":"https:\/\/cocodiys.com\/product\/rainbow-psychedelic-cutout-dress-sample\/"},"modified":"2026-02-12T04:45:45","modified_gmt":"2026-02-12T04:45:45","slug":"rainbow-psychedelic-cutout-dress-sample","status":"publish","type":"product","link":"https:\/\/cocodiys.com\/fr\/produit\/rainbow-psychedelic-cutout-dress-sample\/","title":{"rendered":"Robe \u00e0 d\u00e9coupes psych\u00e9d\u00e9liques arc-en-ciel (\u00e9chantillon)"},"content":{"rendered":"<p data-start=\"157\" data-end=\"431\">Faites tourner toutes les t\u00eates avec cette robe \u00e0 d\u00e9coupes psych\u00e9d\u00e9liques arc-en-ciel, un \u00e9chantillon unique cr\u00e9\u00e9 pour notre d\u00e9fil\u00e9 de mode. Con\u00e7ue en taille S\/M, cette pi\u00e8ce pr\u00e9sente notre imprim\u00e9 exclusif Chromatiicat, un m\u00e9lange \u00e9lectrisant de teintes arc-en-ciel et de tourbillons psych\u00e9d\u00e9liques en noir et blanc.<\/p>\n<p data-start=\"433\" data-end=\"761\">Cette mini-robe \u00e0 encolure ras-du-cou pr\u00e9sente une d\u00e9coupe audacieuse sur le devant pour d\u00e9voiler un peu de peau, tandis que sa construction extensible et enti\u00e8rement doubl\u00e9e la rend confortable et facile \u00e0 bouger tout au long de la nuit. Douce, confortable et immanquablement accrocheuse, c'est la pi\u00e8ce parfaite pour les festivals, les raves et tous les moments o\u00f9 vous voulez vous d\u00e9marquer.<\/p>\n<p data-start=\"763\" data-end=\"799\" data-is-last-node=\"\" data-is-only-node=\"\">Faits \u00e0 la main, vibrants et vraiment uniques.<\/p>\n<p data-start=\"763\" data-end=\"799\" data-is-last-node=\"\" data-is-only-node=\"\"><strong>Mesures de la robe :<\/strong><br \/>- Tour de poitrine : 32\u2033.<br \/>- Taille : 29\u2033.<br \/>- Fabriqu\u00e9 en spandex<br \/>- Enti\u00e8rement doubl\u00e9<\/p>","protected":false},"excerpt":{"rendered":"<p>Faites tourner toutes les t\u00eates avec cette robe \u00e0 d\u00e9coupes psych\u00e9d\u00e9liques arc-en-ciel, un \u00e9chantillon unique cr\u00e9\u00e9 pour notre d\u00e9fil\u00e9 de mode. Con\u00e7ue en taille S\/M, cette pi\u00e8ce pr\u00e9sente notre imprim\u00e9 exclusif Chromatiicat - un m\u00e9lange \u00e9lectrisant de teintes arc-en-ciel et de tourbillons psych\u00e9d\u00e9liques en noir et blanc. Cette mini robe \u00e0 encolure d\u00e9gag\u00e9e pr\u00e9sente une d\u00e9coupe audacieuse sur le devant pour un...<\/p>","protected":false},"featured_media":5367,"comment_status":"open","ping_status":"closed","template":"","meta":{"_kad_blocks_custom_css":"","_kad_blocks_head_custom_js":"","_kad_blocks_body_custom_js":"","_kad_blocks_footer_custom_js":"","_kad_post_transparent":"","_kad_post_title":"","_kad_post_layout":"","_kad_post_sidebar_id":"","_kad_post_content_style":"","_kad_post_vertical_padding":"","_kad_post_feature":"","_kad_post_feature_position":"","_kad_post_header":false,"_kad_post_footer":false,"_kad_post_classname":""},"product_brand":[],"product_cat":[15],"product_tag":[],"class_list":{"0":"post-5106","1":"product","2":"type-product","3":"status-publish","4":"has-post-thumbnail","6":"product_cat-uncategorized","8":"first","9":"instock","10":"sale","11":"shipping-taxable","12":"purchasable","13":"product-type-simple","14":"entry","15":"content-bg","16":"loop-entry"},"taxonomy_info":{"product_cat":[{"value":15,"label":"Uncategorized"}]},"featured_image_src_large":["https:\/\/cocodiys.com\/wp-content\/uploads\/2026\/02\/Chromatiicat-49_2-819x1024.jpg",819,1024,true],"author_info":[],"comment_info":0,"_links":{"self":[{"href":"https:\/\/cocodiys.com\/fr\/wp-json\/wp\/v2\/product\/5106","targetHints":{"allow":["GET"]}}],"collection":[{"href":"https:\/\/cocodiys.com\/fr\/wp-json\/wp\/v2\/product"}],"about":[{"href":"https:\/\/cocodiys.com\/fr\/wp-json\/wp\/v2\/types\/product"}],"replies":[{"embeddable":true,"href":"https:\/\/cocodiys.com\/fr\/wp-json\/wp\/v2\/comments?post=5106"}],"wp:featuredmedia":[{"embeddable":true,"href":"https:\/\/cocodiys.com\/fr\/wp-json\/wp\/v2\/media\/5367"}],"wp:attachment":[{"href":"https:\/\/cocodiys.com\/fr\/wp-json\/wp\/v2\/media?parent=5106"}],"wp:term":[{"taxonomy":"product_brand","embeddable":true,"href":"https:\/\/cocodiys.com\/fr\/wp-json\/wp\/v2\/product_brand?post=5106"},{"taxonomy":"product_cat","embeddable":true,"href":"https:\/\/cocodiys.com\/fr\/wp-json\/wp\/v2\/product_cat?post=5106"},{"taxonomy":"product_tag","embeddable":true,"href":"https:\/\/cocodiys.com\/fr\/wp-json\/wp\/v2\/product_tag?post=5106"}],"curies":[{"name":"wp","href":"https:\/\/api.w.org\/{rel}","templated":true}]}}