{"id":5107,"date":"2026-02-11T15:45:55","date_gmt":"2026-02-11T15:45:55","guid":{"rendered":"https:\/\/cocodiys.com\/product\/iridescent-sequin-earrings-cluster-earrings-iridescent-paillette-large-sequins-purple-blue-pink\/"},"modified":"2026-02-12T09:54:18","modified_gmt":"2026-02-12T09:54:18","slug":"iridescent-sequin-earrings-cluster-earrings-iridescent-paillette-large-sequins-purple-blue-pink","status":"publish","type":"product","link":"https:\/\/cocodiys.com\/fr\/produit\/iridescent-sequin-earrings-cluster-earrings-iridescent-paillette-large-sequins-purple-blue-pink\/","title":{"rendered":"Boucles d'oreilles \u00e0 paillettes"},"content":{"rendered":"<p>L\u00e9g\u00e8res et \u00e9tincelantes, nos boucles d'oreilles \u00e0 paillettes iris\u00e9es captent magnifiquement la lumi\u00e8re et ajoutent un \u00e9clat amusant \u00e0 n'importe quelle tenue. Fabriqu\u00e9es avec des paillettes surdimensionn\u00e9es, ces boucles d'oreilles \u00e0 paillettes en grappe sont plus courtes (environ 1,75 pouce de long) que nos boucles d'oreilles plus longues. Parfaites pour les f\u00eates, les vacances, les festivals ou \u00e0 chaque fois que vous voulez un peu plus d'\u00e9clat !<\/p>\n<p>Choisissez la couleur des paillettes et le mat\u00e9riel :<br \/>\n- Couleurs des paillettes :  Bleu iris\u00e9 ou rose iris\u00e9<br \/>\n- Couleur du mat\u00e9riel : or rose ou argent (acier inoxydable)<\/p>\n<p>Chaque paillette est recycl\u00e9e ! Elles ont \u00e9t\u00e9 soigneusement retir\u00e9es des marges de couture du tissu \u00e0 paillettes. Consultez nos autres offres de paillettes pour un kimono ou un manteau assorti.<\/p>","protected":false},"excerpt":{"rendered":"<p>L\u00e9g\u00e8res et scintillantes, nos boucles d'oreilles \u00e0 paillettes iris\u00e9es captent magnifiquement la lumi\u00e8re et ajoutent un \u00e9clat amusant \u00e0 n'importe quelle tenue. Fabriqu\u00e9es avec des paillettes surdimensionn\u00e9es, ces boucles d'oreilles \u00e0 paillettes en grappe sont plus courtes (environ 1,75 pouces de long) que nos boucles d'oreilles pendantes plus longues. Parfaites pour les f\u00eates, les vacances, les festivals ou \u00e0 tout moment...<\/p>","protected":false},"featured_media":5375,"comment_status":"open","ping_status":"closed","template":"","meta":{"_kad_blocks_custom_css":"","_kad_blocks_head_custom_js":"","_kad_blocks_body_custom_js":"","_kad_blocks_footer_custom_js":"","_kad_post_transparent":"default","_kad_post_title":"","_kad_post_layout":"default","_kad_post_sidebar_id":"","_kad_post_content_style":"default","_kad_post_vertical_padding":"default","_kad_post_feature":"","_kad_post_feature_position":"","_kad_post_header":false,"_kad_post_footer":false,"_kad_post_classname":""},"product_brand":[],"product_cat":[15],"product_tag":[],"class_list":{"0":"post-5107","1":"product","2":"type-product","3":"status-publish","4":"has-post-thumbnail","6":"product_cat-uncategorized","8":"first","9":"instock","10":"shipping-taxable","11":"purchasable","12":"product-type-variable","13":"entry","14":"content-bg","15":"loop-entry"},"taxonomy_info":{"product_cat":[{"value":15,"label":"Uncategorized"}]},"featured_image_src_large":["https:\/\/cocodiys.com\/wp-content\/uploads\/2026\/02\/Cluster_earrings-732x1024.jpg",732,1024,true],"author_info":[],"comment_info":0,"_links":{"self":[{"href":"https:\/\/cocodiys.com\/fr\/wp-json\/wp\/v2\/product\/5107","targetHints":{"allow":["GET"]}}],"collection":[{"href":"https:\/\/cocodiys.com\/fr\/wp-json\/wp\/v2\/product"}],"about":[{"href":"https:\/\/cocodiys.com\/fr\/wp-json\/wp\/v2\/types\/product"}],"replies":[{"embeddable":true,"href":"https:\/\/cocodiys.com\/fr\/wp-json\/wp\/v2\/comments?post=5107"}],"wp:featuredmedia":[{"embeddable":true,"href":"https:\/\/cocodiys.com\/fr\/wp-json\/wp\/v2\/media\/5375"}],"wp:attachment":[{"href":"https:\/\/cocodiys.com\/fr\/wp-json\/wp\/v2\/media?parent=5107"}],"wp:term":[{"taxonomy":"product_brand","embeddable":true,"href":"https:\/\/cocodiys.com\/fr\/wp-json\/wp\/v2\/product_brand?post=5107"},{"taxonomy":"product_cat","embeddable":true,"href":"https:\/\/cocodiys.com\/fr\/wp-json\/wp\/v2\/product_cat?post=5107"},{"taxonomy":"product_tag","embeddable":true,"href":"https:\/\/cocodiys.com\/fr\/wp-json\/wp\/v2\/product_tag?post=5107"}],"curies":[{"name":"wp","href":"https:\/\/api.w.org\/{rel}","templated":true}]}}