{"id":5123,"date":"2026-02-11T15:46:00","date_gmt":"2026-02-11T15:46:00","guid":{"rendered":"https:\/\/cocodiys.com\/product\/iridescent-sequin-jacket\/"},"modified":"2026-02-12T09:56:55","modified_gmt":"2026-02-12T09:56:55","slug":"iridescent-sequin-jacket","status":"publish","type":"product","link":"https:\/\/cocodiys.com\/fr\/produit\/iridescent-sequin-jacket\/","title":{"rendered":"Veste \u00e0 paillettes"},"content":{"rendered":"<p>Ajoutez beaucoup d'\u00e9clat \u00e0 votre tenue avec notre veste \u00e0 paillettes iris\u00e9es. Ces m\u00e9chants brillent et \u00e9tincellent comme une boule disco, projetant des lumi\u00e8res color\u00e9es dans toutes les directions. Cette pi\u00e8ce de taille ou de longueur courte est fabriqu\u00e9e sur mesure et doubl\u00e9e de satin noir ou blanc, au choix.<\/p>\n<p>Vous voulez changer d'\u00e9clat ? Choisissez votre couleur de satin et de paillettes pr\u00e9f\u00e9r\u00e9e dans la bo\u00eete de personnalisation - nous vous contacterons pour confirmer votre couleur et vos options de doublure (en fonction de la disponibilit\u00e9 actuelle des tissus).<\/p>\n<p>Vous souhaitez quelque chose de plus ? Envoyez-nous un message avant de commander pour discuter de votre vision. Nous pouvons ajouter des touches personnalis\u00e9es telles que :<br \/>\n- Poches suppl\u00e9mentaires<br \/>\n- Capuche<br \/>\n- Frange<br \/>\n- Doublure ou longueur altern\u00e9e<br \/>\n- &amp; plus !<\/p>","protected":false},"excerpt":{"rendered":"<p>Ajoutez beaucoup d'\u00e9clat \u00e0 votre tenue avec notre veste \u00e0 paillettes iris\u00e9es. Ces m\u00e9chants brillent et \u00e9tincellent comme une boule disco, projetant des lumi\u00e8res color\u00e9es dans toutes les directions. Cette pi\u00e8ce de taille ou de longueur courte est fabriqu\u00e9e sur mesure et doubl\u00e9e de satin noir ou blanc, au choix. Vous voulez changer d'\u00e9clat ? Choisissez votre...<\/p>","protected":false},"featured_media":5385,"comment_status":"open","ping_status":"closed","template":"","meta":{"_kad_blocks_custom_css":"","_kad_blocks_head_custom_js":"","_kad_blocks_body_custom_js":"","_kad_blocks_footer_custom_js":"","_kad_post_transparent":"default","_kad_post_title":"","_kad_post_layout":"default","_kad_post_sidebar_id":"","_kad_post_content_style":"default","_kad_post_vertical_padding":"default","_kad_post_feature":"","_kad_post_feature_position":"","_kad_post_header":false,"_kad_post_footer":false,"_kad_post_classname":""},"product_brand":[],"product_cat":[15],"product_tag":[],"class_list":{"0":"post-5123","1":"product","2":"type-product","3":"status-publish","4":"has-post-thumbnail","6":"product_cat-uncategorized","8":"first","9":"instock","10":"shipping-taxable","11":"purchasable","12":"product-type-variable","13":"entry","14":"content-bg","15":"loop-entry"},"taxonomy_info":{"product_cat":[{"value":15,"label":"Uncategorized"}]},"featured_image_src_large":["https:\/\/cocodiys.com\/wp-content\/uploads\/2026\/02\/Silver-sequin-jacket-1024x1024.jpg",1024,1024,true],"author_info":[],"comment_info":0,"_links":{"self":[{"href":"https:\/\/cocodiys.com\/fr\/wp-json\/wp\/v2\/product\/5123","targetHints":{"allow":["GET"]}}],"collection":[{"href":"https:\/\/cocodiys.com\/fr\/wp-json\/wp\/v2\/product"}],"about":[{"href":"https:\/\/cocodiys.com\/fr\/wp-json\/wp\/v2\/types\/product"}],"replies":[{"embeddable":true,"href":"https:\/\/cocodiys.com\/fr\/wp-json\/wp\/v2\/comments?post=5123"}],"wp:featuredmedia":[{"embeddable":true,"href":"https:\/\/cocodiys.com\/fr\/wp-json\/wp\/v2\/media\/5385"}],"wp:attachment":[{"href":"https:\/\/cocodiys.com\/fr\/wp-json\/wp\/v2\/media?parent=5123"}],"wp:term":[{"taxonomy":"product_brand","embeddable":true,"href":"https:\/\/cocodiys.com\/fr\/wp-json\/wp\/v2\/product_brand?post=5123"},{"taxonomy":"product_cat","embeddable":true,"href":"https:\/\/cocodiys.com\/fr\/wp-json\/wp\/v2\/product_cat?post=5123"},{"taxonomy":"product_tag","embeddable":true,"href":"https:\/\/cocodiys.com\/fr\/wp-json\/wp\/v2\/product_tag?post=5123"}],"curies":[{"name":"wp","href":"https:\/\/api.w.org\/{rel}","templated":true}]}}