{"id":5138,"date":"2026-02-11T15:46:00","date_gmt":"2026-02-11T15:46:00","guid":{"rendered":"https:\/\/cocodiys.com\/product\/large-sequin-earrings\/"},"modified":"2026-02-12T09:58:20","modified_gmt":"2026-02-12T09:58:20","slug":"large-sequin-earrings","status":"publish","type":"product","link":"https:\/\/cocodiys.com\/fr\/produit\/large-sequin-earrings\/","title":{"rendered":"Boucles d'oreilles en paillettes"},"content":{"rendered":"<p>Nos grandes boucles d'oreilles \u00e0 paillettes sont compos\u00e9es de paillettes en forme de gouttes surdimensionn\u00e9es qui captent magnifiquement la lumi\u00e8re et ajoutent un \u00e9clat amusant \u00e0 n'importe quelle tenue. Parfaites pour les f\u00eates, les vacances, les festivals ou \u00e0 tout moment o\u00f9 vous voulez un peu plus d'\u00e9clat.<\/p>\n<p><strong>Choisissez votre style et votre taille :<br \/>\n<\/strong>S\u00e9lectionnez la couleur des paillettes, la quincaillerie et la longueur de la goutte pour un look personnalis\u00e9 :<br \/>\n- Couleur des paillettes : iris\u00e9e, argent\u00e9e ou mixte<br \/>\n- Couleur du mat\u00e9riel : or rose ou argent (acier inoxydable)<br \/>\n- Longueur : 4 ou 5 pouces<\/p>\n<p>Chaque paillette est recycl\u00e9e ! Elles ont \u00e9t\u00e9 soigneusement retir\u00e9es des marges de couture du tissu \u00e0 paillettes. Consultez nos autres offres de paillettes pour un kimono ou un manteau assorti.<\/p>","protected":false},"excerpt":{"rendered":"<p>Nos grandes boucles d'oreilles \u00e0 paillettes sont compos\u00e9es de paillettes en forme de gouttes surdimensionn\u00e9es qui captent magnifiquement la lumi\u00e8re et ajoutent un \u00e9clat amusant \u00e0 n'importe quelle tenue. Elles sont parfaites pour les f\u00eates, les vacances, les festivals ou \u00e0 chaque fois que vous voulez un peu plus d'\u00e9clat. Choisissez votre style et votre taille : S\u00e9lectionnez la couleur des paillettes, le mat\u00e9riel et la longueur des...<\/p>","protected":false},"featured_media":5402,"comment_status":"open","ping_status":"closed","template":"","meta":{"_kad_blocks_custom_css":"","_kad_blocks_head_custom_js":"","_kad_blocks_body_custom_js":"","_kad_blocks_footer_custom_js":"","_kad_post_transparent":"default","_kad_post_title":"","_kad_post_layout":"default","_kad_post_sidebar_id":"","_kad_post_content_style":"default","_kad_post_vertical_padding":"default","_kad_post_feature":"","_kad_post_feature_position":"","_kad_post_header":false,"_kad_post_footer":false,"_kad_post_classname":""},"product_brand":[],"product_cat":[15],"product_tag":[],"class_list":{"0":"post-5138","1":"product","2":"type-product","3":"status-publish","4":"has-post-thumbnail","6":"product_cat-uncategorized","8":"first","9":"instock","10":"shipping-taxable","11":"purchasable","12":"product-type-variable","13":"entry","14":"content-bg","15":"loop-entry"},"taxonomy_info":{"product_cat":[{"value":15,"label":"Uncategorized"}]},"featured_image_src_large":["https:\/\/cocodiys.com\/wp-content\/uploads\/2026\/02\/Silver_teardrop_earrings_in_4_5in-731x1024.jpg",731,1024,true],"author_info":[],"comment_info":0,"_links":{"self":[{"href":"https:\/\/cocodiys.com\/fr\/wp-json\/wp\/v2\/product\/5138","targetHints":{"allow":["GET"]}}],"collection":[{"href":"https:\/\/cocodiys.com\/fr\/wp-json\/wp\/v2\/product"}],"about":[{"href":"https:\/\/cocodiys.com\/fr\/wp-json\/wp\/v2\/types\/product"}],"replies":[{"embeddable":true,"href":"https:\/\/cocodiys.com\/fr\/wp-json\/wp\/v2\/comments?post=5138"}],"wp:featuredmedia":[{"embeddable":true,"href":"https:\/\/cocodiys.com\/fr\/wp-json\/wp\/v2\/media\/5402"}],"wp:attachment":[{"href":"https:\/\/cocodiys.com\/fr\/wp-json\/wp\/v2\/media?parent=5138"}],"wp:term":[{"taxonomy":"product_brand","embeddable":true,"href":"https:\/\/cocodiys.com\/fr\/wp-json\/wp\/v2\/product_brand?post=5138"},{"taxonomy":"product_cat","embeddable":true,"href":"https:\/\/cocodiys.com\/fr\/wp-json\/wp\/v2\/product_cat?post=5138"},{"taxonomy":"product_tag","embeddable":true,"href":"https:\/\/cocodiys.com\/fr\/wp-json\/wp\/v2\/product_tag?post=5138"}],"curies":[{"name":"wp","href":"https:\/\/api.w.org\/{rel}","templated":true}]}}