{"id":5151,"date":"2026-02-11T15:46:01","date_gmt":"2026-02-11T15:46:01","guid":{"rendered":"https:\/\/cocodiys.com\/product\/mens-unisex-silver-sequin-black-faux-fur-coat-with-black-lining-size-large\/"},"modified":"2026-02-12T04:45:44","modified_gmt":"2026-02-12T04:45:44","slug":"mens-unisex-silver-sequin-black-faux-fur-coat-with-black-lining-size-large","status":"publish","type":"product","link":"https:\/\/cocodiys.com\/fr\/produit\/mens-unisex-silver-sequin-black-faux-fur-coat-with-black-lining-size-large\/","title":{"rendered":"Manteau en paillettes argent\u00e9es et fausse fourrure (\u00e9chantillon)"},"content":{"rendered":"<p data-end=\"403\" data-start=\"108\">Rencontrez nos\u00a0<strong data-end=\"165\" data-start=\"117\">Manteau de festival \u00e0 paillettes argent\u00e9es - \u00c9chantillon<\/strong>, Ce manteau l\u00e9ger est con\u00e7u pour briller, se balancer et voler la vedette. Ce manteau unisexe de grande taille a \u00e9t\u00e9 pr\u00e9sent\u00e9 lors d'un d\u00e9fil\u00e9 de mode et port\u00e9 une fois pour une s\u00e9ance photo, mais il est par ailleurs neuf et pr\u00eat pour une nouvelle aventure.<\/p>\n<p data-end=\"683\" data-start=\"405\">L'ext\u00e9rieur est recouvert de <strong data-end=\"460\" data-start=\"432\">paillettes argent\u00e9es surdimensionn\u00e9es<\/strong> qui cr\u00e9ent un scintillement fluide, semblable \u00e0 celui d'un miroir, \u00e0 chaque mouvement. \u00c0 l'int\u00e9rieur, vous trouverez un <strong data-end=\"566\" data-start=\"545\">doublure noire souple<\/strong> imprim\u00e9 avec <strong data-end=\"610\" data-start=\"580\">champignons m\u00e9talliques arc-en-ciel<\/strong>, plus <strong data-end=\"640\" data-start=\"617\">garniture en fausse fourrure noire<\/strong> autour de la capuche pour une touche de magie douillette.<\/p>\n<p data-end=\"870\" data-start=\"685\">Con\u00e7ue pour le confort et la fonctionnalit\u00e9, elle comprend<br data-end=\"732\" data-start=\"729\">\u2022 <strong data-end=\"755\" data-start=\"734\">Deux poches ext\u00e9rieures<\/strong><br data-end=\"758\" data-start=\"755\">\u2022 <strong data-end=\"787\" data-start=\"760\">Une poche int\u00e9rieure zipp\u00e9e<\/strong><br data-end=\"790\" data-start=\"787\">\u2022 <strong data-is-only-node=\"\" data-end=\"820\" data-start=\"792\">Sangles de sac \u00e0 dos int\u00e9gr\u00e9es<\/strong> pour un transport mains libres lorsque la nuit s'\u00e9chauffe<\/p>\n<p data-end=\"1021\" data-start=\"872\">L\u00e9ger, accrocheur et facile \u00e0 porter, ce manteau est la couche id\u00e9ale pour les festivals, les f\u00eates ou tout autre endroit o\u00f9 vous souhaitez briller.<\/p>\n<p data-is-only-node=\"\" data-is-last-node=\"\" data-end=\"1081\" data-start=\"1023\">Il s'agit d'un \u00e9chantillon unique - une fois qu'il est parti, il est parti !<\/p>","protected":false},"excerpt":{"rendered":"<p>Voici notre manteau de festival \u00e0 paillettes argent\u00e9es - \u00e9dition \u00e9chantillon, un manteau l\u00e9ger con\u00e7u pour briller, se balancer et voler la vedette. Ce manteau unisexe de grande taille a \u00e9t\u00e9 pr\u00e9sent\u00e9 lors d'un d\u00e9fil\u00e9 de mode et port\u00e9 une fois pour une s\u00e9ance photo, mais il est par ailleurs neuf et pr\u00eat pour sa prochaine aventure. L'ext\u00e9rieur est recouvert de paillettes argent\u00e9es surdimensionn\u00e9es...<\/p>","protected":false},"featured_media":5411,"comment_status":"open","ping_status":"closed","template":"","meta":{"_kad_blocks_custom_css":"","_kad_blocks_head_custom_js":"","_kad_blocks_body_custom_js":"","_kad_blocks_footer_custom_js":"","_kad_post_transparent":"","_kad_post_title":"","_kad_post_layout":"","_kad_post_sidebar_id":"","_kad_post_content_style":"","_kad_post_vertical_padding":"","_kad_post_feature":"","_kad_post_feature_position":"","_kad_post_header":false,"_kad_post_footer":false,"_kad_post_classname":""},"product_brand":[],"product_cat":[15],"product_tag":[],"class_list":{"0":"post-5151","1":"product","2":"type-product","3":"status-publish","4":"has-post-thumbnail","6":"product_cat-uncategorized","8":"first","9":"instock","10":"sale","11":"shipping-taxable","12":"purchasable","13":"product-type-simple","14":"entry","15":"content-bg","16":"loop-entry"},"taxonomy_info":{"product_cat":[{"value":15,"label":"Uncategorized"}]},"featured_image_src_large":["https:\/\/cocodiys.com\/wp-content\/uploads\/2026\/02\/Silver-sequin-fur-coat-819x1024.jpg",819,1024,true],"author_info":[],"comment_info":0,"_links":{"self":[{"href":"https:\/\/cocodiys.com\/fr\/wp-json\/wp\/v2\/product\/5151","targetHints":{"allow":["GET"]}}],"collection":[{"href":"https:\/\/cocodiys.com\/fr\/wp-json\/wp\/v2\/product"}],"about":[{"href":"https:\/\/cocodiys.com\/fr\/wp-json\/wp\/v2\/types\/product"}],"replies":[{"embeddable":true,"href":"https:\/\/cocodiys.com\/fr\/wp-json\/wp\/v2\/comments?post=5151"}],"wp:featuredmedia":[{"embeddable":true,"href":"https:\/\/cocodiys.com\/fr\/wp-json\/wp\/v2\/media\/5411"}],"wp:attachment":[{"href":"https:\/\/cocodiys.com\/fr\/wp-json\/wp\/v2\/media?parent=5151"}],"wp:term":[{"taxonomy":"product_brand","embeddable":true,"href":"https:\/\/cocodiys.com\/fr\/wp-json\/wp\/v2\/product_brand?post=5151"},{"taxonomy":"product_cat","embeddable":true,"href":"https:\/\/cocodiys.com\/fr\/wp-json\/wp\/v2\/product_cat?post=5151"},{"taxonomy":"product_tag","embeddable":true,"href":"https:\/\/cocodiys.com\/fr\/wp-json\/wp\/v2\/product_tag?post=5151"}],"curies":[{"name":"wp","href":"https:\/\/api.w.org\/{rel}","templated":true}]}}