{"id":5153,"date":"2026-02-11T15:46:04","date_gmt":"2026-02-11T15:46:04","guid":{"rendered":"https:\/\/cocodiys.com\/product\/uv-green-tentacle-hood-with-leds\/"},"modified":"2026-02-12T04:45:45","modified_gmt":"2026-02-12T04:45:45","slug":"uv-green-tentacle-hood-with-leds","status":"publish","type":"product","link":"https:\/\/cocodiys.com\/fr\/produit\/uv-green-tentacle-hood-with-leds\/","title":{"rendered":"Cagoule Tentacule Vert UV avec LEDs (Echantillon)"},"content":{"rendered":"<p data-end=\"426\" data-start=\"168\">Rencontrez nos\u00a0<strong data-end=\"220\" data-start=\"177\">Cagoule Tentacule vert UV<\/strong>, Cette cagoule est une pi\u00e8ce unique, pr\u00eate \u00e0 \u00eatre exp\u00e9di\u00e9e, tout droit sortie d'un d\u00e9fil\u00e9 de mode pass\u00e9. Cette cagoule est pratiquement neuve et pr\u00e9sente tous les d\u00e9tails ludiques et le savoir-faire que l'on peut attendre d'un original de Chromatiicat.<\/p>\n<p data-end=\"756\" data-start=\"428\">Fabriqu\u00e9 avec <strong data-end=\"468\" data-start=\"438\">Fausse fourrure verte r\u00e9active aux UV<\/strong> et doubl\u00e9 d'un tissu funky <strong data-end=\"524\" data-start=\"496\">tissu psych\u00e9d\u00e9lique tourbillonnant<\/strong>, Cette cagoule brille de mille feux \u00e0 la lumi\u00e8re noire. Les <strong data-end=\"600\" data-start=\"576\">tentacules extra-longs<\/strong> Le capuchon est surmont\u00e9 d'un couvercle en acier inoxydable. <strong data-end=\"662\" data-start=\"647\">oreilles d'animaux<\/strong> et <strong data-end=\"694\" data-start=\"667\">cornes personnalis\u00e9es imprim\u00e9es en 3D<\/strong> - tous deux r\u00e9actifs aux UV pour un effet encore plus \u00e9clatant sous les lumi\u00e8res.\u00a0<\/p>\n<p data-end=\"1084\" data-start=\"758\"><strong data-end=\"783\" data-start=\"758\">Tout sur les lumi\u00e8res :<\/strong><br data-end=\"786\" data-start=\"783\">Des diodes \u00e9lectroluminescentes parcourent les tentacules et le bord avant de la capuche. En raison de la fourrure d'un vert \u00e9clatant, les LED filtrent naturellement une lueur verte plut\u00f4t qu'un spectre arc-en-ciel complet, mais le r\u00e9sultat est encore plus audacieux et incroyablement amusant lorsque la musique d\u00e9marre et que les lumi\u00e8res noires s'allument.<\/p>\n<p data-end=\"1345\" data-start=\"1086\">Comme tous les v\u00eatements LED Chromatiicat, la cagoule se connecte \u00e0 une application pour smartphone qui permet de r\u00e9gler les motifs, la luminosit\u00e9, la vitesse et bien plus encore. Et si vos amis portent eux aussi des v\u00eatements Chromatiicat, vous pouvez les relier pour cr\u00e9er un spectacle lumineux de groupe enti\u00e8rement synchronis\u00e9.<\/p>\n<p data-end=\"1478\" data-start=\"1347\">Les LED sont \u00e9tanches (oui, lavables \u00e0 la main !) et la cagoule est livr\u00e9e avec une batterie rechargeable pour que la lueur reste allum\u00e9e toute la nuit.<\/p>\n<p data-end=\"1707\" data-start=\"1480\"><strong>Envie d'une tenue assortie ?<\/strong> Nous avons encore beaucoup de ce tissu psych\u00e9d\u00e9lique en stock et nous pouvons cr\u00e9er une pi\u00e8ce personnalis\u00e9e pour l'associer \u00e0 votre cagoule. Nous avons \u00e9galement quelques bandanas assortis dans la boutique pour un look festivalier complet.<\/p>","protected":false},"excerpt":{"rendered":"<p>Voici notre UV Green Tentacle Hood, une pi\u00e8ce unique, pr\u00eate \u00e0 \u00eatre exp\u00e9di\u00e9e, tout droit sortie d'un d\u00e9fil\u00e9 de mode pass\u00e9. Cette cagoule est pratiquement neuve et pr\u00e9sente tous les d\u00e9tails ludiques et le savoir-faire que l'on attend d'un original de Chromatiicat. Fabriqu\u00e9e en fausse fourrure verte r\u00e9active aux UV et doubl\u00e9e d'un tissu psych\u00e9d\u00e9lique tourbillonnant, cette cagoule brille sous la lumi\u00e8re noire....<\/p>","protected":false},"featured_media":5425,"comment_status":"open","ping_status":"closed","template":"","meta":{"_kad_blocks_custom_css":"","_kad_blocks_head_custom_js":"","_kad_blocks_body_custom_js":"","_kad_blocks_footer_custom_js":"","_kad_post_transparent":"","_kad_post_title":"","_kad_post_layout":"","_kad_post_sidebar_id":"","_kad_post_content_style":"","_kad_post_vertical_padding":"","_kad_post_feature":"","_kad_post_feature_position":"","_kad_post_header":false,"_kad_post_footer":false,"_kad_post_classname":""},"product_brand":[],"product_cat":[15],"product_tag":[],"class_list":{"0":"post-5153","1":"product","2":"type-product","3":"status-publish","4":"has-post-thumbnail","6":"product_cat-uncategorized","8":"first","9":"instock","10":"sale","11":"shipping-taxable","12":"purchasable","13":"product-type-simple","14":"entry","15":"content-bg","16":"loop-entry"},"taxonomy_info":{"product_cat":[{"value":15,"label":"Uncategorized"}]},"featured_image_src_large":["https:\/\/cocodiys.com\/wp-content\/uploads\/2026\/02\/GridArt_20240725_204530312_1-1024x1024.jpg",1024,1024,true],"author_info":[],"comment_info":0,"_links":{"self":[{"href":"https:\/\/cocodiys.com\/fr\/wp-json\/wp\/v2\/product\/5153","targetHints":{"allow":["GET"]}}],"collection":[{"href":"https:\/\/cocodiys.com\/fr\/wp-json\/wp\/v2\/product"}],"about":[{"href":"https:\/\/cocodiys.com\/fr\/wp-json\/wp\/v2\/types\/product"}],"replies":[{"embeddable":true,"href":"https:\/\/cocodiys.com\/fr\/wp-json\/wp\/v2\/comments?post=5153"}],"wp:featuredmedia":[{"embeddable":true,"href":"https:\/\/cocodiys.com\/fr\/wp-json\/wp\/v2\/media\/5425"}],"wp:attachment":[{"href":"https:\/\/cocodiys.com\/fr\/wp-json\/wp\/v2\/media?parent=5153"}],"wp:term":[{"taxonomy":"product_brand","embeddable":true,"href":"https:\/\/cocodiys.com\/fr\/wp-json\/wp\/v2\/product_brand?post=5153"},{"taxonomy":"product_cat","embeddable":true,"href":"https:\/\/cocodiys.com\/fr\/wp-json\/wp\/v2\/product_cat?post=5153"},{"taxonomy":"product_tag","embeddable":true,"href":"https:\/\/cocodiys.com\/fr\/wp-json\/wp\/v2\/product_tag?post=5153"}],"curies":[{"name":"wp","href":"https:\/\/api.w.org\/{rel}","templated":true}]}}