{"id":5154,"date":"2026-02-11T15:46:04","date_gmt":"2026-02-11T15:46:04","guid":{"rendered":"https:\/\/cocodiys.com\/product\/uv-yellow-crop-coat\/"},"modified":"2026-02-12T09:59:24","modified_gmt":"2026-02-12T09:59:24","slug":"uv-yellow-crop-coat","status":"publish","type":"product","link":"https:\/\/cocodiys.com\/fr\/produit\/uv-yellow-crop-coat\/","title":{"rendered":"UV Yellow Crop Coat (\u00e9chantillon)"},"content":{"rendered":"<p data-start=\"200\" data-end=\"484\">Rencontrez nos\u00a0<strong data-start=\"209\" data-end=\"252\">Manteau jaune UV pour globe oculaire<\/strong>, Ce manteau est une pi\u00e8ce audacieuse et unique, tout droit sortie d'un d\u00e9fil\u00e9 de mode pass\u00e9. Ce manteau pour femme de taille petite est raccourci \u00e0 la longueur des hanches et con\u00e7u pour se d\u00e9marquer avec des d\u00e9tails ludiques, des textures luxueuses et un \u00e9clat qui devient sauvage sous la lumi\u00e8re noire.<\/p>\n<p data-start=\"486\" data-end=\"852\">Fabriqu\u00e9 \u00e0 partir de <strong data-start=\"496\" data-end=\"527\">Fausse fourrure jaune r\u00e9active aux UV<\/strong> et doubl\u00e9 d'un <strong data-start=\"547\" data-end=\"581\">tissu funky deep blue eyeball<\/strong>, Ce manteau a beaucoup de personnalit\u00e9 \u00e0 l'int\u00e9rieur comme \u00e0 l'ext\u00e9rieur. Il se caract\u00e9rise par <strong data-start=\"648\" data-end=\"663\">oreilles d'animaux<\/strong>, un drap\u00e9 <strong data-start=\"674\" data-end=\"720\">cha\u00eene dans le dos et sur les \u00e9paules<\/strong> avec <strong data-start=\"726\" data-end=\"751\">Coeurs roses faits \u00e0 la main<\/strong>, et d'une <strong data-start=\"769\" data-end=\"799\">coeur \u00e0 paillettes et cache-oeil<\/strong> au dos pour une touche de fantaisie cosmique.<\/p>\n<p data-start=\"854\" data-end=\"1038\">Con\u00e7ue pour \u00eatre \u00e0 la fois \u00e9l\u00e9gante et fonctionnelle, elle comprend :<br data-start=\"901\" data-end=\"904\" \/>\u2022 <strong data-start=\"906\" data-end=\"926\">Deux poches pour les mains<\/strong><br data-start=\"926\" data-end=\"929\" \/>\u2022 <strong data-start=\"931\" data-end=\"961\">Une poche zipp\u00e9e sur la poitrine<\/strong><br data-start=\"961\" data-end=\"964\" \/>\u2022 <strong data-start=\"966\" data-end=\"994\">Sangles de sac \u00e0 dos int\u00e9gr\u00e9es<\/strong> pour un transport facile lorsque la nuit se r\u00e9chauffe<\/p>\n<p data-start=\"1040\" data-end=\"1284\">Cette pi\u00e8ce a \u00e9t\u00e9 cr\u00e9\u00e9e pour un d\u00e9fil\u00e9 et l\u00e9g\u00e8rement port\u00e9e lors d'une s\u00e9ance photo, mais elle est par ailleurs neuve. La fourrure brille <strong data-start=\"1151\" data-end=\"1171\">extr\u00eamement lumineux<\/strong> sous la lumi\u00e8re noire, ce qui en fait un choix remarquable pour les festivals, les raves ou tout autre \u00e9v\u00e9nement o\u00f9 la magie des UV vole la vedette.<\/p>\n<p data-start=\"1286\" data-end=\"1374\">Nous pouvons \u00e9galement <strong data-start=\"1298\" data-end=\"1320\">remplacer la cha\u00eene<\/strong> pour un style diff\u00e9rent si vous souhaitez une touche personnelle.<\/p>\n<p data-start=\"1376\" data-end=\"1587\">Vous cherchez une coupe assortie ? La jupe et le haut bandeau coordonn\u00e9s sont disponibles pendant nos soldes du vendredi noir, et il nous reste encore du tissu pour la doublure du globe oculaire si vous souhaitez une pi\u00e8ce personnalis\u00e9e assortie.<\/p>\n<p data-start=\"1589\" data-end=\"1654\" data-is-last-node=\"\" data-is-only-node=\"\">Ce manteau est <strong data-start=\"1602\" data-end=\"1619\">unique en son genre<\/strong> - une fois qu'il est parti, il est vraiment parti.<\/p>","protected":false},"excerpt":{"rendered":"<p>Voici notre manteau Eyeball jaune UV, une pi\u00e8ce audacieuse et unique tout droit sortie d'un d\u00e9fil\u00e9 de mode pass\u00e9. Ce manteau pour femme de taille petite est raccourci \u00e0 la longueur des hanches et con\u00e7u pour se d\u00e9marquer avec des d\u00e9tails ludiques, des textures luxueuses et un \u00e9clat qui devient sauvage sous la lumi\u00e8re noire. Fabriqu\u00e9 en fausse fourrure jaune r\u00e9active aux UV et doubl\u00e9 d'un globe oculaire bleu profond...<\/p>","protected":false},"featured_media":5294,"comment_status":"open","ping_status":"closed","template":"","meta":{"_kad_blocks_custom_css":"","_kad_blocks_head_custom_js":"","_kad_blocks_body_custom_js":"","_kad_blocks_footer_custom_js":"","_kad_post_transparent":"default","_kad_post_title":"","_kad_post_layout":"default","_kad_post_sidebar_id":"","_kad_post_content_style":"default","_kad_post_vertical_padding":"default","_kad_post_feature":"","_kad_post_feature_position":"","_kad_post_header":false,"_kad_post_footer":false,"_kad_post_classname":""},"product_brand":[],"product_cat":[15],"product_tag":[],"class_list":{"0":"post-5154","1":"product","2":"type-product","3":"status-publish","4":"has-post-thumbnail","6":"product_cat-uncategorized","8":"first","9":"instock","10":"sale","11":"shipping-taxable","12":"purchasable","13":"product-type-simple","14":"entry","15":"content-bg","16":"loop-entry"},"taxonomy_info":{"product_cat":[{"value":15,"label":"Uncategorized"}]},"featured_image_src_large":["https:\/\/cocodiys.com\/wp-content\/uploads\/2026\/02\/uv_yellow_9-819x1024.jpg",819,1024,true],"author_info":[],"comment_info":0,"_links":{"self":[{"href":"https:\/\/cocodiys.com\/fr\/wp-json\/wp\/v2\/product\/5154","targetHints":{"allow":["GET"]}}],"collection":[{"href":"https:\/\/cocodiys.com\/fr\/wp-json\/wp\/v2\/product"}],"about":[{"href":"https:\/\/cocodiys.com\/fr\/wp-json\/wp\/v2\/types\/product"}],"replies":[{"embeddable":true,"href":"https:\/\/cocodiys.com\/fr\/wp-json\/wp\/v2\/comments?post=5154"}],"wp:featuredmedia":[{"embeddable":true,"href":"https:\/\/cocodiys.com\/fr\/wp-json\/wp\/v2\/media\/5294"}],"wp:attachment":[{"href":"https:\/\/cocodiys.com\/fr\/wp-json\/wp\/v2\/media?parent=5154"}],"wp:term":[{"taxonomy":"product_brand","embeddable":true,"href":"https:\/\/cocodiys.com\/fr\/wp-json\/wp\/v2\/product_brand?post=5154"},{"taxonomy":"product_cat","embeddable":true,"href":"https:\/\/cocodiys.com\/fr\/wp-json\/wp\/v2\/product_cat?post=5154"},{"taxonomy":"product_tag","embeddable":true,"href":"https:\/\/cocodiys.com\/fr\/wp-json\/wp\/v2\/product_tag?post=5154"}],"curies":[{"name":"wp","href":"https:\/\/api.w.org\/{rel}","templated":true}]}}